{"id":428447,"date":"2025-12-14T13:01:55","date_gmt":"2025-12-14T13:01:55","guid":{"rendered":"https:\/\/irankiuzona.lt\/product\/sriegio-ivore-pakait-zvakei-m10x1-0-19mm-ilgio\/"},"modified":"2026-05-09T18:38:38","modified_gmt":"2026-05-09T18:38:38","slug":"sriegio-ivore-pakait-zvakei-m10x1-0-19mm-ilgio","status":"publish","type":"product","link":"https:\/\/irankiuzona.lt\/ru\/product\/sriegio-ivore-pakait-zvakei-m10x1-0-19mm-ilgio\/","title":{"rendered":"Sriegio \u012fvor\u0117 pakait. \u017evakei M10x1.0 \/ 19mm ilgio"},"content":{"rendered":"","protected":false},"excerpt":{"rendered":"","protected":false},"featured_media":428449,"comment_status":"open","ping_status":"open","template":"","meta":[],"product_cat":[9976],"product_tag":[9845],"class_list":{"0":"post-428447","1":"product","2":"type-product","3":"status-publish","4":"has-post-thumbnail","6":"product_brand-vokietija-germany","7":"product_cat-katalogas","8":"product_tag-vokietija-germany","10":"first","11":"instock","12":"purchasable","13":"product-type-simple"},"jetpack_sharing_enabled":true,"_links":{"self":[{"href":"https:\/\/irankiuzona.lt\/ru\/wp-json\/wp\/v2\/product\/428447","targetHints":{"allow":["GET"]}}],"collection":[{"href":"https:\/\/irankiuzona.lt\/ru\/wp-json\/wp\/v2\/product"}],"about":[{"href":"https:\/\/irankiuzona.lt\/ru\/wp-json\/wp\/v2\/types\/product"}],"replies":[{"embeddable":true,"href":"https:\/\/irankiuzona.lt\/ru\/wp-json\/wp\/v2\/comments?post=428447"}],"version-history":[{"count":1,"href":"https:\/\/irankiuzona.lt\/ru\/wp-json\/wp\/v2\/product\/428447\/revisions"}],"predecessor-version":[{"id":428448,"href":"https:\/\/irankiuzona.lt\/ru\/wp-json\/wp\/v2\/product\/428447\/revisions\/428448"}],"wp:featuredmedia":[{"embeddable":true,"href":"https:\/\/irankiuzona.lt\/ru\/wp-json\/wp\/v2\/media\/428449"}],"wp:attachment":[{"href":"https:\/\/irankiuzona.lt\/ru\/wp-json\/wp\/v2\/media?parent=428447"}],"wp:term":[{"taxonomy":"product_cat","embeddable":true,"href":"https:\/\/irankiuzona.lt\/ru\/wp-json\/wp\/v2\/product_cat?post=428447"},{"taxonomy":"product_tag","embeddable":true,"href":"https:\/\/irankiuzona.lt\/ru\/wp-json\/wp\/v2\/product_tag?post=428447"}],"curies":[{"name":"wp","href":"https:\/\/api.w.org\/{rel}","templated":true}]}}