{"id":428450,"date":"2025-12-14T13:04:12","date_gmt":"2025-12-14T13:04:12","guid":{"rendered":"https:\/\/irankiuzona.lt\/product\/slankmatis-stabdziu-diskam\/"},"modified":"2026-05-13T17:09:11","modified_gmt":"2026-05-13T17:09:11","slug":"slankmatis-stabdziu-diskam","status":"publish","type":"product","link":"https:\/\/irankiuzona.lt\/ru\/product\/slankmatis-stabdziu-diskam\/","title":{"rendered":"Slankmatis stabd\u017ei\u0173 diskam"},"content":{"rendered":"<p>Apra\u0161ymas stabd\u017ei\u0173 disko storiui, padang\u0173 protektoriaus gyliui ir kt. matuoti maks. matavimo gylis: 60 mm matmenys: 182 x 115 x 13 mm Techniniai duomenys bendras svoris: 60 g med\u017eiaga: aliuminis<\/p>","protected":false},"excerpt":{"rendered":"<p>Slankmatis stabd\u017ei\u0173 diskams<\/p>","protected":false},"featured_media":428452,"comment_status":"open","ping_status":"open","template":"","meta":[],"product_cat":[9534],"product_tag":[9845],"class_list":{"0":"post-428450","1":"product","2":"type-product","3":"status-publish","4":"has-post-thumbnail","6":"product_brand-vokietija-germany","7":"product_cat-stabdziu-remonto-nuorinimo-irankiai","8":"product_tag-vokietija-germany","10":"first","11":"outofstock","12":"purchasable","13":"product-type-simple"},"jetpack_sharing_enabled":true,"_links":{"self":[{"href":"https:\/\/irankiuzona.lt\/ru\/wp-json\/wp\/v2\/product\/428450","targetHints":{"allow":["GET"]}}],"collection":[{"href":"https:\/\/irankiuzona.lt\/ru\/wp-json\/wp\/v2\/product"}],"about":[{"href":"https:\/\/irankiuzona.lt\/ru\/wp-json\/wp\/v2\/types\/product"}],"replies":[{"embeddable":true,"href":"https:\/\/irankiuzona.lt\/ru\/wp-json\/wp\/v2\/comments?post=428450"}],"version-history":[{"count":1,"href":"https:\/\/irankiuzona.lt\/ru\/wp-json\/wp\/v2\/product\/428450\/revisions"}],"predecessor-version":[{"id":428451,"href":"https:\/\/irankiuzona.lt\/ru\/wp-json\/wp\/v2\/product\/428450\/revisions\/428451"}],"wp:featuredmedia":[{"embeddable":true,"href":"https:\/\/irankiuzona.lt\/ru\/wp-json\/wp\/v2\/media\/428452"}],"wp:attachment":[{"href":"https:\/\/irankiuzona.lt\/ru\/wp-json\/wp\/v2\/media?parent=428450"}],"wp:term":[{"taxonomy":"product_cat","embeddable":true,"href":"https:\/\/irankiuzona.lt\/ru\/wp-json\/wp\/v2\/product_cat?post=428450"},{"taxonomy":"product_tag","embeddable":true,"href":"https:\/\/irankiuzona.lt\/ru\/wp-json\/wp\/v2\/product_tag?post=428450"}],"curies":[{"name":"wp","href":"https:\/\/api.w.org\/{rel}","templated":true}]}}