{"id":428483,"date":"2025-12-14T13:17:27","date_gmt":"2025-12-14T13:17:27","guid":{"rendered":"https:\/\/irankiuzona.lt\/product\/galvutes-cr-mo-1-4-6-kampes-4-14mm-13d\/"},"modified":"2026-04-15T13:35:24","modified_gmt":"2026-04-15T13:35:24","slug":"galvutes-cr-mo-1-4-6-kampes-4-14mm-13d","status":"publish","type":"product","link":"https:\/\/irankiuzona.lt\/ru\/product\/galvutes-cr-mo-1-4-6-kampes-4-14mm-13d\/","title":{"rendered":"Galvut\u0117s Cr-Mo 1\/4 6-kamp\u0117s 4-14mm 13d."},"content":{"rendered":"<p>1 impact socket, hexagon | 6.3 mm (1\/4&quot;) drive | 4 mm\u00a01 impact socket, hexagon | 6.3 mm (1\/4&quot;) drive | 4.5 mm\u00a01 impact socket, hexagon | 6.3 mm (1\/4&quot;) drive | 5 mm\u00a01 impact socket, hexagon | 6.3 mm (1\/4&quot;) drive | 5.5 mm\u00a01 impact socket, hexagon | 6.3 mm (1\/4&quot;) drive | 6 mm\u00a01 impact socket, hexagon | 6.3 mm (1\/4&quot;) drive | 7 mm\u00a01 impact socket, hexagon | 6.3 mm (1\/4&quot;) drive | 8 mm\u00a01 impact socket, hexagon | 6.3 mm (1\/4&quot;) drive | 9 mm\u00a01 impact socket, hexagon | 6.3 mm (1\/4&quot;) drive | 10 mm\u00a01 impact socket, hexagon | 6.3 mm (1\/4&quot;) drive | 11 mm\u00a01 impact socket, hexagon | 6.3 mm (1\/4&quot;) drive | 12 mm\u00a01 impact socket, hexagon | 6.3 mm (1\/4&quot;) drive | 13 mm\u00a01 impact socket, hexagon | 6.3 mm (1\/4&quot;) drive | 14 mm\u00a0<\/p>","protected":false},"excerpt":{"rendered":"<p>Sm\u016bgini\u0173 galvu\u010di\u0173 komplektas | \u0161e\u0161iakamp\u0117s | 6,3 mm (1\/4&quot;) | 4 &#8211; 14 mm | 13 vnt<\/p>","protected":false},"featured_media":428485,"comment_status":"open","ping_status":"open","template":"","meta":[],"product_cat":[9988],"product_tag":[9845],"class_list":{"0":"post-428483","1":"product","2":"type-product","3":"status-publish","4":"has-post-thumbnail","6":"product_brand-vokietija-germany","7":"product_cat-smuginiu-sesiakampiu-galvuciu-komplektai","8":"product_tag-vokietija-germany","10":"first","11":"instock","12":"purchasable","13":"product-type-simple"},"jetpack_sharing_enabled":true,"_links":{"self":[{"href":"https:\/\/irankiuzona.lt\/ru\/wp-json\/wp\/v2\/product\/428483","targetHints":{"allow":["GET"]}}],"collection":[{"href":"https:\/\/irankiuzona.lt\/ru\/wp-json\/wp\/v2\/product"}],"about":[{"href":"https:\/\/irankiuzona.lt\/ru\/wp-json\/wp\/v2\/types\/product"}],"replies":[{"embeddable":true,"href":"https:\/\/irankiuzona.lt\/ru\/wp-json\/wp\/v2\/comments?post=428483"}],"version-history":[{"count":1,"href":"https:\/\/irankiuzona.lt\/ru\/wp-json\/wp\/v2\/product\/428483\/revisions"}],"predecessor-version":[{"id":428484,"href":"https:\/\/irankiuzona.lt\/ru\/wp-json\/wp\/v2\/product\/428483\/revisions\/428484"}],"wp:featuredmedia":[{"embeddable":true,"href":"https:\/\/irankiuzona.lt\/ru\/wp-json\/wp\/v2\/media\/428485"}],"wp:attachment":[{"href":"https:\/\/irankiuzona.lt\/ru\/wp-json\/wp\/v2\/media?parent=428483"}],"wp:term":[{"taxonomy":"product_cat","embeddable":true,"href":"https:\/\/irankiuzona.lt\/ru\/wp-json\/wp\/v2\/product_cat?post=428483"},{"taxonomy":"product_tag","embeddable":true,"href":"https:\/\/irankiuzona.lt\/ru\/wp-json\/wp\/v2\/product_tag?post=428483"}],"curies":[{"name":"wp","href":"https:\/\/api.w.org\/{rel}","templated":true}]}}