{"id":428489,"date":"2025-12-14T13:20:55","date_gmt":"2025-12-14T13:20:55","guid":{"rendered":"https:\/\/irankiuzona.lt\/product\/l-formos-sesiakampis-apvaliu-galu-h10-mm\/"},"modified":"2026-04-16T14:52:11","modified_gmt":"2026-04-16T14:52:11","slug":"l-formos-sesiakampis-apvaliu-galu-h10-mm","status":"publish","type":"product","link":"https:\/\/irankiuzona.lt\/ru\/product\/l-formos-sesiakampis-apvaliu-galu-h10-mm\/","title":{"rendered":"L-formos \u0161e\u0161iakampis apvaliu galu H10 mm"},"content":{"rendered":"","protected":false},"excerpt":{"rendered":"<p>\u0160e\u0161iakampis raktas su rutuliuku 10 mm, ilgas &#8211; tamsiai m\u0117lynas<\/p>","protected":false},"featured_media":428491,"comment_status":"open","ping_status":"open","template":"","meta":[],"product_cat":[9882],"product_tag":[10162],"class_list":{"0":"post-428489","1":"product","2":"type-product","3":"status-publish","4":"has-post-thumbnail","6":"product_brand-waart-lenkija","7":"product_cat-l-formos-hex-raktai","8":"product_tag-waart-lenkija","10":"first","11":"instock","12":"purchasable","13":"product-type-simple"},"jetpack_sharing_enabled":true,"_links":{"self":[{"href":"https:\/\/irankiuzona.lt\/ru\/wp-json\/wp\/v2\/product\/428489","targetHints":{"allow":["GET"]}}],"collection":[{"href":"https:\/\/irankiuzona.lt\/ru\/wp-json\/wp\/v2\/product"}],"about":[{"href":"https:\/\/irankiuzona.lt\/ru\/wp-json\/wp\/v2\/types\/product"}],"replies":[{"embeddable":true,"href":"https:\/\/irankiuzona.lt\/ru\/wp-json\/wp\/v2\/comments?post=428489"}],"version-history":[{"count":1,"href":"https:\/\/irankiuzona.lt\/ru\/wp-json\/wp\/v2\/product\/428489\/revisions"}],"predecessor-version":[{"id":428490,"href":"https:\/\/irankiuzona.lt\/ru\/wp-json\/wp\/v2\/product\/428489\/revisions\/428490"}],"wp:featuredmedia":[{"embeddable":true,"href":"https:\/\/irankiuzona.lt\/ru\/wp-json\/wp\/v2\/media\/428491"}],"wp:attachment":[{"href":"https:\/\/irankiuzona.lt\/ru\/wp-json\/wp\/v2\/media?parent=428489"}],"wp:term":[{"taxonomy":"product_cat","embeddable":true,"href":"https:\/\/irankiuzona.lt\/ru\/wp-json\/wp\/v2\/product_cat?post=428489"},{"taxonomy":"product_tag","embeddable":true,"href":"https:\/\/irankiuzona.lt\/ru\/wp-json\/wp\/v2\/product_tag?post=428489"}],"curies":[{"name":"wp","href":"https:\/\/api.w.org\/{rel}","templated":true}]}}