{"id":428498,"date":"2025-12-14T13:27:15","date_gmt":"2025-12-14T13:27:15","guid":{"rendered":"https:\/\/irankiuzona.lt\/product\/akumuliatorinis-smuginis-greztuvas-sds-18v\/"},"modified":"2026-04-13T12:43:34","modified_gmt":"2026-04-13T12:43:34","slug":"akumuliatorinis-smuginis-greztuvas-sds-18v","status":"publish","type":"product","link":"https:\/\/irankiuzona.lt\/ru\/product\/akumuliatorinis-smuginis-greztuvas-sds-18v\/","title":{"rendered":"Akumuliatorinis sm\u016bginis gr\u0119\u017etuvas SDS 18V"},"content":{"rendered":"<p>\u25a0 Funkcij\u0173 pasirinkimas: gr\u0119\u017eimas be sm\u016bgio, gr\u0119\u017eimas sm\u016bgiu.\u00a0<br \/>\n\u25a0 Rankena \u2013 SDS+.<br \/>\n\u25a0 Energija 1,5 J.<br \/>\n \u25a0 Sukimosi greitis: 0\u2013910 aps.\/min.<br \/>\n \u25a0 Sm\u016bgio da\u017enis: 0\u20135100 aps.\/min.<br \/>\n \u25a0 Did\u017eiausias medienos gr\u0119\u017eimo skersmuo \u2013 25 mm.<br \/>\n \u25a0 Did\u017eiausias plieno gr\u0119\u017eimo skersmuo \u2013 10 mm.<br \/>\n\u25a0 Did\u017eiausias betono gr\u0119\u017eimo skersmuo \u2013 12 mm.<br \/>\n \u25a0 Metalinis pavar\u0173 mechanizmas.<br \/>\n \u25a0 LED ap\u0161vietimas.<br \/>\n\u25a0 Sklandus grei\u010dio reguliavimas maitinimo jungiklyje.<br \/>\n \u25a0 Mink\u0161ta rankena.<br \/>\n\u25a0 Sukimosi krypties jungiklis \u012f de\u0161in\u0119 ir \u012f kair\u0119.<br \/>\n \u25a0 Svoris \u2013 1,35 kg.<br \/>\n\u25a0 \u012ekraunama baterija \u012fsigyjama atskirai.<br \/>\n \u25a0 EAN kodas \u2013 5902801441431.<br \/>\n\u25a0 3 met\u0173 garantija (po \u012frankio registracijos).<br \/>\n \u25a0 \u201eOneAccuSystem\u201c.<br \/>\n\u25a0 \u012etampa \u2013 18 V.<\/p>","protected":false},"excerpt":{"rendered":"<p>18 V sm\u016bginis gr\u0119\u017etuvas<\/p>","protected":false},"featured_media":428500,"comment_status":"open","ping_status":"open","template":"","meta":[],"product_cat":[9894],"product_tag":[9969],"class_list":{"0":"post-428498","1":"product","2":"type-product","3":"status-publish","4":"has-post-thumbnail","6":"product_brand-hogert-technik-vokietija","7":"product_cat-smuginiai-greztuvai-perforatoriai","8":"product_tag-hogert-technik-vokietija","10":"first","11":"instock","12":"purchasable","13":"product-type-simple"},"jetpack_sharing_enabled":true,"_links":{"self":[{"href":"https:\/\/irankiuzona.lt\/ru\/wp-json\/wp\/v2\/product\/428498","targetHints":{"allow":["GET"]}}],"collection":[{"href":"https:\/\/irankiuzona.lt\/ru\/wp-json\/wp\/v2\/product"}],"about":[{"href":"https:\/\/irankiuzona.lt\/ru\/wp-json\/wp\/v2\/types\/product"}],"replies":[{"embeddable":true,"href":"https:\/\/irankiuzona.lt\/ru\/wp-json\/wp\/v2\/comments?post=428498"}],"version-history":[{"count":1,"href":"https:\/\/irankiuzona.lt\/ru\/wp-json\/wp\/v2\/product\/428498\/revisions"}],"predecessor-version":[{"id":428499,"href":"https:\/\/irankiuzona.lt\/ru\/wp-json\/wp\/v2\/product\/428498\/revisions\/428499"}],"wp:featuredmedia":[{"embeddable":true,"href":"https:\/\/irankiuzona.lt\/ru\/wp-json\/wp\/v2\/media\/428500"}],"wp:attachment":[{"href":"https:\/\/irankiuzona.lt\/ru\/wp-json\/wp\/v2\/media?parent=428498"}],"wp:term":[{"taxonomy":"product_cat","embeddable":true,"href":"https:\/\/irankiuzona.lt\/ru\/wp-json\/wp\/v2\/product_cat?post=428498"},{"taxonomy":"product_tag","embeddable":true,"href":"https:\/\/irankiuzona.lt\/ru\/wp-json\/wp\/v2\/product_tag?post=428498"}],"curies":[{"name":"wp","href":"https:\/\/api.w.org\/{rel}","templated":true}]}}