{"id":428501,"date":"2025-12-14T13:27:21","date_gmt":"2025-12-14T13:27:21","guid":{"rendered":"https:\/\/irankiuzona.lt\/product\/akumuliatorinis-greztuvas-18v-80-nm\/"},"modified":"2026-04-13T08:54:37","modified_gmt":"2026-04-13T08:54:37","slug":"akumuliatorinis-greztuvas-18v-80-nm","status":"publish","type":"product","link":"https:\/\/irankiuzona.lt\/ru\/product\/akumuliatorinis-greztuvas-18v-80-nm\/","title":{"rendered":"Akumuliatorinis gr\u0119\u017etuvas 18V 80 Nm"},"content":{"rendered":"<p>\u25a0 \u0160velnus sukimo momentas \u2013 40 Nm.<br \/>\n \u25a0 Didelis sukimo momentas \u2013 80 Nm.<br \/>\n \u25a0 Sukimo momento nustatym\u0173 skai\u010dius \u2013 20+1.<br \/>\n \u25a0 Grei\u010dio nustatym\u0173 skai\u010dius \u2013 2.<br \/>\n\u25a0 Gr\u0119\u017eimo griebtuvas \u2013 metalinis, 13 mm.<br \/>\n \u25a0 Sukimosi greitis: 0\u2013450\/0\u20131650 aps.\/min.<br \/>\n\u25a0 Did\u017eiausias gr\u0119\u017eimo skersmuo medienoje \u2013 40 mm.<br \/>\n \u25a0 Did\u017eiausias gr\u0119\u017eimo skersmuo pliene \u2013 13 mm.<br \/>\n \u25a0 LED lemput\u0117<br \/>\n\u25a0 Antgali\u0173 laikiklis.<br \/>\n \u25a0 Sklandus grei\u010dio reguliavimas jungiklyje.<br \/>\n \u25a0 Mink\u0161ta rankena.<br \/>\n\u25a0 Stabilizuojanti rankena.<br \/>\n\u25a0 De\u0161in\u0117s ir kair\u0117s sukimosi jungiklis.<br \/>\n \u25a0 Svoris 1,3 kg<br \/>\n\u25a0 Metalinis pavar\u0173 d\u0117\u017e\u0117s korpusas.<br \/>\n \u25a0 Apsauga nuo perkaitimo. 3 met\u0173 garantija u\u017eregistravus \u012frengin\u012f.<br \/>\n \u25a0 \u201eOneAccuSystem\u201c.<br \/>\n \u25a0 \u012etampa 18 V. Baterija \u012fsigyjama atskirai.<\/p>","protected":false},"excerpt":{"rendered":"<p>Akumuliatorinis gr\u0119\u017etuvas-suktuvas 18 V<\/p>","protected":false},"featured_media":428503,"comment_status":"open","ping_status":"open","template":"","meta":[],"product_cat":[10097],"product_tag":[9969],"class_list":{"0":"post-428501","1":"product","2":"type-product","3":"status-publish","4":"has-post-thumbnail","6":"product_brand-hogert-technik-vokietija","7":"product_cat-akumuliatoriniai-suktuvai-greztuvai","8":"product_tag-hogert-technik-vokietija","10":"first","11":"instock","12":"purchasable","13":"product-type-simple"},"jetpack_sharing_enabled":true,"_links":{"self":[{"href":"https:\/\/irankiuzona.lt\/ru\/wp-json\/wp\/v2\/product\/428501","targetHints":{"allow":["GET"]}}],"collection":[{"href":"https:\/\/irankiuzona.lt\/ru\/wp-json\/wp\/v2\/product"}],"about":[{"href":"https:\/\/irankiuzona.lt\/ru\/wp-json\/wp\/v2\/types\/product"}],"replies":[{"embeddable":true,"href":"https:\/\/irankiuzona.lt\/ru\/wp-json\/wp\/v2\/comments?post=428501"}],"version-history":[{"count":1,"href":"https:\/\/irankiuzona.lt\/ru\/wp-json\/wp\/v2\/product\/428501\/revisions"}],"predecessor-version":[{"id":428502,"href":"https:\/\/irankiuzona.lt\/ru\/wp-json\/wp\/v2\/product\/428501\/revisions\/428502"}],"wp:featuredmedia":[{"embeddable":true,"href":"https:\/\/irankiuzona.lt\/ru\/wp-json\/wp\/v2\/media\/428503"}],"wp:attachment":[{"href":"https:\/\/irankiuzona.lt\/ru\/wp-json\/wp\/v2\/media?parent=428501"}],"wp:term":[{"taxonomy":"product_cat","embeddable":true,"href":"https:\/\/irankiuzona.lt\/ru\/wp-json\/wp\/v2\/product_cat?post=428501"},{"taxonomy":"product_tag","embeddable":true,"href":"https:\/\/irankiuzona.lt\/ru\/wp-json\/wp\/v2\/product_tag?post=428501"}],"curies":[{"name":"wp","href":"https:\/\/api.w.org\/{rel}","templated":true}]}}