{"id":428504,"date":"2025-12-14T13:27:57","date_gmt":"2025-12-14T13:27:57","guid":{"rendered":"https:\/\/irankiuzona.lt\/product\/reples-vid-isor-ziedams-su-t-tipo-rankena\/"},"modified":"2026-04-13T07:39:23","modified_gmt":"2026-04-13T07:39:23","slug":"reples-vid-isor-ziedams-su-t-tipo-rankena","status":"publish","type":"product","link":"https:\/\/irankiuzona.lt\/ru\/product\/reples-vid-isor-ziedams-su-t-tipo-rankena\/","title":{"rendered":"Repl\u0117s vid\/i\u0161or \u017eiedams su T-tipo rankena"},"content":{"rendered":"<p>Kei\u010diami antgaliai:2vnt. \u00d82.29mm2vnt. \u00d83.00mm2vnt. \u00d83.91mm2vnt. \u00d84.32mm<\/p>","protected":false},"excerpt":{"rendered":"<p>Repl\u0117s vidiniams\/i\u0161oriniams \u017eiedams su T-tipo rankena<\/p>","protected":false},"featured_media":428506,"comment_status":"open","ping_status":"open","template":"","meta":[],"product_cat":[9897],"product_tag":[],"class_list":{"0":"post-428504","1":"product","2":"type-product","3":"status-publish","4":"has-post-thumbnail","6":"product_cat-reples-fiksavimo-ziedams","8":"first","9":"instock","10":"purchasable","11":"product-type-simple"},"jetpack_sharing_enabled":true,"_links":{"self":[{"href":"https:\/\/irankiuzona.lt\/ru\/wp-json\/wp\/v2\/product\/428504","targetHints":{"allow":["GET"]}}],"collection":[{"href":"https:\/\/irankiuzona.lt\/ru\/wp-json\/wp\/v2\/product"}],"about":[{"href":"https:\/\/irankiuzona.lt\/ru\/wp-json\/wp\/v2\/types\/product"}],"replies":[{"embeddable":true,"href":"https:\/\/irankiuzona.lt\/ru\/wp-json\/wp\/v2\/comments?post=428504"}],"version-history":[{"count":1,"href":"https:\/\/irankiuzona.lt\/ru\/wp-json\/wp\/v2\/product\/428504\/revisions"}],"predecessor-version":[{"id":428505,"href":"https:\/\/irankiuzona.lt\/ru\/wp-json\/wp\/v2\/product\/428504\/revisions\/428505"}],"wp:featuredmedia":[{"embeddable":true,"href":"https:\/\/irankiuzona.lt\/ru\/wp-json\/wp\/v2\/media\/428506"}],"wp:attachment":[{"href":"https:\/\/irankiuzona.lt\/ru\/wp-json\/wp\/v2\/media?parent=428504"}],"wp:term":[{"taxonomy":"product_cat","embeddable":true,"href":"https:\/\/irankiuzona.lt\/ru\/wp-json\/wp\/v2\/product_cat?post=428504"},{"taxonomy":"product_tag","embeddable":true,"href":"https:\/\/irankiuzona.lt\/ru\/wp-json\/wp\/v2\/product_tag?post=428504"}],"curies":[{"name":"wp","href":"https:\/\/api.w.org\/{rel}","templated":true}]}}