{"id":428516,"date":"2025-12-14T13:31:08","date_gmt":"2025-12-14T13:31:08","guid":{"rendered":"https:\/\/irankiuzona.lt\/product\/vibro-kaltai-iskalejai\/"},"modified":"2026-04-13T18:12:24","modified_gmt":"2026-04-13T18:12:24","slug":"vibro-kaltai-iskalejai","status":"publish","type":"product","link":"https:\/\/irankiuzona.lt\/ru\/product\/vibro-kaltai-iskalejai\/","title":{"rendered":"Vibro kaltai i\u0161kal\u0117jai"},"content":{"rendered":"<p>tinka \u0161arnyriniams sujungimams, guoliams, \u012fvor\u0117ms, rankov\u0117ms ir kt. visiems pneumatiniams kaltams su 10 mm \u0161e\u0161iakampiu ir apvaliu adapteriu, pvz., BGS 3515 Techniniai duomenys Bendras svoris 1882 g<\/p>","protected":false},"excerpt":{"rendered":"<p>Vibro &#8211; sm\u016bgini\u0173 kalt\u0173 \/ i\u0161kal\u0117j\u0173 rinkinys<\/p>","protected":false},"featured_media":428518,"comment_status":"open","ping_status":"open","template":"","meta":[],"product_cat":[9668],"product_tag":[9845],"class_list":{"0":"post-428516","1":"product","2":"type-product","3":"status-publish","4":"has-post-thumbnail","6":"product_brand-vokietija-germany","7":"product_cat-pneumatiniai-kaltai-plaktukai","8":"product_tag-vokietija-germany","10":"first","11":"instock","12":"purchasable","13":"product-type-simple"},"jetpack_sharing_enabled":true,"_links":{"self":[{"href":"https:\/\/irankiuzona.lt\/ru\/wp-json\/wp\/v2\/product\/428516","targetHints":{"allow":["GET"]}}],"collection":[{"href":"https:\/\/irankiuzona.lt\/ru\/wp-json\/wp\/v2\/product"}],"about":[{"href":"https:\/\/irankiuzona.lt\/ru\/wp-json\/wp\/v2\/types\/product"}],"replies":[{"embeddable":true,"href":"https:\/\/irankiuzona.lt\/ru\/wp-json\/wp\/v2\/comments?post=428516"}],"version-history":[{"count":1,"href":"https:\/\/irankiuzona.lt\/ru\/wp-json\/wp\/v2\/product\/428516\/revisions"}],"predecessor-version":[{"id":428517,"href":"https:\/\/irankiuzona.lt\/ru\/wp-json\/wp\/v2\/product\/428516\/revisions\/428517"}],"wp:featuredmedia":[{"embeddable":true,"href":"https:\/\/irankiuzona.lt\/ru\/wp-json\/wp\/v2\/media\/428518"}],"wp:attachment":[{"href":"https:\/\/irankiuzona.lt\/ru\/wp-json\/wp\/v2\/media?parent=428516"}],"wp:term":[{"taxonomy":"product_cat","embeddable":true,"href":"https:\/\/irankiuzona.lt\/ru\/wp-json\/wp\/v2\/product_cat?post=428516"},{"taxonomy":"product_tag","embeddable":true,"href":"https:\/\/irankiuzona.lt\/ru\/wp-json\/wp\/v2\/product_tag?post=428516"}],"curies":[{"name":"wp","href":"https:\/\/api.w.org\/{rel}","templated":true}]}}