{"id":428568,"date":"2025-12-14T13:43:05","date_gmt":"2025-12-14T13:43:05","guid":{"rendered":"https:\/\/irankiuzona.lt\/product\/graztas-metalui-hss-50mm-1-4-hex-suktukui\/"},"modified":"2026-05-16T18:24:57","modified_gmt":"2026-05-16T18:24:57","slug":"graztas-metalui-hss-50mm-1-4-hex-suktukui","status":"publish","type":"product","link":"https:\/\/irankiuzona.lt\/ru\/product\/graztas-metalui-hss-50mm-1-4-hex-suktukui\/","title":{"rendered":"Gr\u0105\u017etas metalui HSS 5,0mm 1\/4 HEX suktukui"},"content":{"rendered":"<p>Gr\u0119\u017eti metal\u0105, spalvotuosius metalus, aliumin\u012f ir plastik\u0105.<\/p>","protected":false},"excerpt":{"rendered":"<p>Med\u017eiaga: HSS plienas<br \/>\nTvirtinimas: 1\/4 HEX<\/p>","protected":false},"featured_media":428570,"comment_status":"open","ping_status":"open","template":"","meta":[],"product_cat":[10139],"product_tag":[9646],"class_list":{"0":"post-428568","1":"product","2":"type-product","3":"status-publish","4":"has-post-thumbnail","6":"product_brand-drel-lenkija","7":"product_cat-graztai-metalui-su-sesiakampiu-tvirtinimu","8":"product_tag-drel-lenkija","10":"first","11":"instock","12":"purchasable","13":"product-type-simple"},"jetpack_sharing_enabled":true,"_links":{"self":[{"href":"https:\/\/irankiuzona.lt\/ru\/wp-json\/wp\/v2\/product\/428568","targetHints":{"allow":["GET"]}}],"collection":[{"href":"https:\/\/irankiuzona.lt\/ru\/wp-json\/wp\/v2\/product"}],"about":[{"href":"https:\/\/irankiuzona.lt\/ru\/wp-json\/wp\/v2\/types\/product"}],"replies":[{"embeddable":true,"href":"https:\/\/irankiuzona.lt\/ru\/wp-json\/wp\/v2\/comments?post=428568"}],"version-history":[{"count":1,"href":"https:\/\/irankiuzona.lt\/ru\/wp-json\/wp\/v2\/product\/428568\/revisions"}],"predecessor-version":[{"id":428569,"href":"https:\/\/irankiuzona.lt\/ru\/wp-json\/wp\/v2\/product\/428568\/revisions\/428569"}],"wp:featuredmedia":[{"embeddable":true,"href":"https:\/\/irankiuzona.lt\/ru\/wp-json\/wp\/v2\/media\/428570"}],"wp:attachment":[{"href":"https:\/\/irankiuzona.lt\/ru\/wp-json\/wp\/v2\/media?parent=428568"}],"wp:term":[{"taxonomy":"product_cat","embeddable":true,"href":"https:\/\/irankiuzona.lt\/ru\/wp-json\/wp\/v2\/product_cat?post=428568"},{"taxonomy":"product_tag","embeddable":true,"href":"https:\/\/irankiuzona.lt\/ru\/wp-json\/wp\/v2\/product_tag?post=428568"}],"curies":[{"name":"wp","href":"https:\/\/api.w.org\/{rel}","templated":true}]}}