{"id":428589,"date":"2025-12-14T13:43:38","date_gmt":"2025-12-14T13:43:38","guid":{"rendered":"https:\/\/irankiuzona.lt\/product\/raktas-9x11mm-stabdziu-vamzdeliams-su-varztu\/"},"modified":"2026-04-16T21:03:48","modified_gmt":"2026-04-16T21:03:48","slug":"raktas-9x11mm-stabdziu-vamzdeliams-su-varztu","status":"publish","type":"product","link":"https:\/\/irankiuzona.lt\/ru\/product\/raktas-9x11mm-stabdziu-vamzdeliams-su-varztu\/","title":{"rendered":"Raktas 9x11mm stabd\u017ei\u0173 vamzdeliams su var\u017etu"},"content":{"rendered":"<p>Raktas stabd\u017ei\u0173 vamzdeliui su var\u017etu<\/p>","protected":false},"excerpt":{"rendered":"<p>Raktas stabd\u017ei\u0173 vamzdeliui su var\u017etu<\/p>","protected":false},"featured_media":428591,"comment_status":"open","ping_status":"open","template":"","meta":[],"product_cat":[9534],"product_tag":[9435],"class_list":{"0":"post-428589","1":"product","2":"type-product","3":"status-publish","4":"has-post-thumbnail","6":"product_brand-kinija","7":"product_cat-stabdziu-remonto-nuorinimo-irankiai","8":"product_tag-kinija","10":"first","11":"instock","12":"purchasable","13":"product-type-simple"},"jetpack_sharing_enabled":true,"_links":{"self":[{"href":"https:\/\/irankiuzona.lt\/ru\/wp-json\/wp\/v2\/product\/428589","targetHints":{"allow":["GET"]}}],"collection":[{"href":"https:\/\/irankiuzona.lt\/ru\/wp-json\/wp\/v2\/product"}],"about":[{"href":"https:\/\/irankiuzona.lt\/ru\/wp-json\/wp\/v2\/types\/product"}],"replies":[{"embeddable":true,"href":"https:\/\/irankiuzona.lt\/ru\/wp-json\/wp\/v2\/comments?post=428589"}],"version-history":[{"count":1,"href":"https:\/\/irankiuzona.lt\/ru\/wp-json\/wp\/v2\/product\/428589\/revisions"}],"predecessor-version":[{"id":428590,"href":"https:\/\/irankiuzona.lt\/ru\/wp-json\/wp\/v2\/product\/428589\/revisions\/428590"}],"wp:featuredmedia":[{"embeddable":true,"href":"https:\/\/irankiuzona.lt\/ru\/wp-json\/wp\/v2\/media\/428591"}],"wp:attachment":[{"href":"https:\/\/irankiuzona.lt\/ru\/wp-json\/wp\/v2\/media?parent=428589"}],"wp:term":[{"taxonomy":"product_cat","embeddable":true,"href":"https:\/\/irankiuzona.lt\/ru\/wp-json\/wp\/v2\/product_cat?post=428589"},{"taxonomy":"product_tag","embeddable":true,"href":"https:\/\/irankiuzona.lt\/ru\/wp-json\/wp\/v2\/product_tag?post=428589"}],"curies":[{"name":"wp","href":"https:\/\/api.w.org\/{rel}","templated":true}]}}