{"id":428592,"date":"2025-12-14T13:43:41","date_gmt":"2025-12-14T13:43:41","guid":{"rendered":"https:\/\/irankiuzona.lt\/product\/hermetikas-juodas-310g-mannol\/"},"modified":"2026-04-16T19:38:41","modified_gmt":"2026-04-16T19:38:41","slug":"hermetikas-juodas-310g-mannol","status":"publish","type":"product","link":"https:\/\/irankiuzona.lt\/ru\/product\/hermetikas-juodas-310g-mannol\/","title":{"rendered":"HERMETIKAS JUODAS 310G. MANNOL"},"content":{"rendered":"<p>Gasket Maker Black\u201c yra sandariklis, kiet\u0117jantis kambario temperat\u016broje. Itin atsparus auk\u0161tai temperat\u016brai. Sukuria patikim\u0105 sandarikl\u012f, kuris netr\u016bkin\u0117ja, nesusitraukia ir nesikei\u010dia veikiant staigiems temperat\u016bros poky\u010diams. Pakei\u010dia sandarinimo \u017eiedus, pover\u017eles ir asbesto, gumos, veltinio, popieriaus, kam\u0161tienos ir metalinius sandariklius. Jis gali b\u016bti efektyviai naudojamas remontuoti: vo\u017etuv\u0173 kreiptuv\u0173 \u012fvores, alyvos indus, termostat\u0173 korpusus ir kt. Atsparus tepalams, au\u0161inimo skys\u010diams, benzinui, \u017eibalui, vandeniui, r\u016bg\u0161tims ir \u0161armams. Lengvai tepamas ir i\u0161lieka lankstus. Apdorojamas pavir\u0161ius turi b\u016bti nuriebalintas.<br \/>\nDarbin\u0117s temperat\u016bros diapazonas: -40 \u00b0C iki +230 \u00b0C (su pertraukomis).Sandarikl\u012f laikykite v\u0117sioje ir sausoje vietoje sandariai u\u017edarytoje originalioje pakuot\u0117je.Jis i\u0161laiko savo stiprum\u0105 ma\u017eiausiai dvejus metus nuo pagaminimo datos.\u00a0\u00a0<\/p>","protected":false},"excerpt":{"rendered":"<p>Hermetikas juodas MANNOL 310g<\/p>","protected":false},"featured_media":428594,"comment_status":"open","ping_status":"open","template":"","meta":[],"product_cat":[9824],"product_tag":[9845],"class_list":{"0":"post-428592","1":"product","2":"type-product","3":"status-publish","4":"has-post-thumbnail","6":"product_brand-vokietija-germany","7":"product_cat-autochemija","8":"product_tag-vokietija-germany","10":"first","11":"instock","12":"purchasable","13":"product-type-simple"},"jetpack_sharing_enabled":true,"_links":{"self":[{"href":"https:\/\/irankiuzona.lt\/ru\/wp-json\/wp\/v2\/product\/428592","targetHints":{"allow":["GET"]}}],"collection":[{"href":"https:\/\/irankiuzona.lt\/ru\/wp-json\/wp\/v2\/product"}],"about":[{"href":"https:\/\/irankiuzona.lt\/ru\/wp-json\/wp\/v2\/types\/product"}],"replies":[{"embeddable":true,"href":"https:\/\/irankiuzona.lt\/ru\/wp-json\/wp\/v2\/comments?post=428592"}],"version-history":[{"count":1,"href":"https:\/\/irankiuzona.lt\/ru\/wp-json\/wp\/v2\/product\/428592\/revisions"}],"predecessor-version":[{"id":428593,"href":"https:\/\/irankiuzona.lt\/ru\/wp-json\/wp\/v2\/product\/428592\/revisions\/428593"}],"wp:featuredmedia":[{"embeddable":true,"href":"https:\/\/irankiuzona.lt\/ru\/wp-json\/wp\/v2\/media\/428594"}],"wp:attachment":[{"href":"https:\/\/irankiuzona.lt\/ru\/wp-json\/wp\/v2\/media?parent=428592"}],"wp:term":[{"taxonomy":"product_cat","embeddable":true,"href":"https:\/\/irankiuzona.lt\/ru\/wp-json\/wp\/v2\/product_cat?post=428592"},{"taxonomy":"product_tag","embeddable":true,"href":"https:\/\/irankiuzona.lt\/ru\/wp-json\/wp\/v2\/product_tag?post=428592"}],"curies":[{"name":"wp","href":"https:\/\/api.w.org\/{rel}","templated":true}]}}