{"id":428595,"date":"2025-12-14T13:43:46","date_gmt":"2025-12-14T13:43:46","guid":{"rendered":"https:\/\/irankiuzona.lt\/product\/sriegpjoves-laikiklis-38mm-1-2\/"},"modified":"2026-04-16T17:32:25","modified_gmt":"2026-04-16T17:32:25","slug":"sriegpjoves-laikiklis-38mm-1-2","status":"publish","type":"product","link":"https:\/\/irankiuzona.lt\/ru\/product\/sriegpjoves-laikiklis-38mm-1-2\/","title":{"rendered":"Sriegpjov\u0117s laikiklis 38mm, 1\/2"},"content":{"rendered":"<p>Sriegpjov\u0117s laikiklis ant 1\/2 colio kvadrato elementoTinka 27 mm skersmens sriegimo elementams (M12-M18, 1\/2&quot; &#8211; 5\/8&quot;)Naudoti su 1\/2 colio kvadrato elemento prailginimu arba T formos rankena, terk\u0161le ir kt.Taip pat galima naudoti su 27 mm ver\u017eliarak\u010diui<\/p>","protected":false},"excerpt":{"rendered":"<p>Sriegpjov\u0117s laikiklis 38mm &#8211; 1\/2&quot;<\/p>","protected":false},"featured_media":428597,"comment_status":"open","ping_status":"open","template":"","meta":[],"product_cat":[9938],"product_tag":[9435],"class_list":{"0":"post-428595","1":"product","2":"type-product","3":"status-publish","4":"has-post-thumbnail","6":"product_brand-kinija","7":"product_cat-irankiai-sriegimui-sriegikliai-sriegpjoves-sriegmaciai","8":"product_tag-kinija","10":"first","11":"outofstock","12":"purchasable","13":"product-type-simple"},"jetpack_sharing_enabled":true,"_links":{"self":[{"href":"https:\/\/irankiuzona.lt\/ru\/wp-json\/wp\/v2\/product\/428595","targetHints":{"allow":["GET"]}}],"collection":[{"href":"https:\/\/irankiuzona.lt\/ru\/wp-json\/wp\/v2\/product"}],"about":[{"href":"https:\/\/irankiuzona.lt\/ru\/wp-json\/wp\/v2\/types\/product"}],"replies":[{"embeddable":true,"href":"https:\/\/irankiuzona.lt\/ru\/wp-json\/wp\/v2\/comments?post=428595"}],"version-history":[{"count":1,"href":"https:\/\/irankiuzona.lt\/ru\/wp-json\/wp\/v2\/product\/428595\/revisions"}],"predecessor-version":[{"id":428596,"href":"https:\/\/irankiuzona.lt\/ru\/wp-json\/wp\/v2\/product\/428595\/revisions\/428596"}],"wp:featuredmedia":[{"embeddable":true,"href":"https:\/\/irankiuzona.lt\/ru\/wp-json\/wp\/v2\/media\/428597"}],"wp:attachment":[{"href":"https:\/\/irankiuzona.lt\/ru\/wp-json\/wp\/v2\/media?parent=428595"}],"wp:term":[{"taxonomy":"product_cat","embeddable":true,"href":"https:\/\/irankiuzona.lt\/ru\/wp-json\/wp\/v2\/product_cat?post=428595"},{"taxonomy":"product_tag","embeddable":true,"href":"https:\/\/irankiuzona.lt\/ru\/wp-json\/wp\/v2\/product_tag?post=428595"}],"curies":[{"name":"wp","href":"https:\/\/api.w.org\/{rel}","templated":true}]}}