{"id":428598,"date":"2025-12-14T13:43:49","date_gmt":"2025-12-14T13:43:49","guid":{"rendered":"https:\/\/irankiuzona.lt\/product\/spec-galvute-ratams-mercedes-sw17mm-3\/"},"modified":"2026-04-16T21:03:48","modified_gmt":"2026-04-16T21:03:48","slug":"spec-galvute-ratams-mercedes-sw17mm-3","status":"publish","type":"product","link":"https:\/\/irankiuzona.lt\/ru\/product\/spec-galvute-ratams-mercedes-sw17mm-3\/","title":{"rendered":"SPEC. GALVUT\u0116 RATAMS MERCEDES SW17MM"},"content":{"rendered":"<p>Specializuota sm\u016bgin\u0117 galvut\u0117 1\/2&#8221; 17mm Mercedes rato ver\u017el\u0117ms<\/p>","protected":false},"excerpt":{"rendered":"<p>1\/2&#8221; 17mm Mercedes rato ver\u017el\u0117ms<\/p>","protected":false},"featured_media":428600,"comment_status":"open","ping_status":"closed","template":"","meta":[],"product_cat":[9492],"product_tag":[9435],"class_list":{"0":"post-428598","1":"product","2":"type-product","3":"status-publish","4":"has-post-thumbnail","6":"product_brand-kinija","7":"product_cat-ratu-varztams-galvutes-raktai-sepeciai","8":"product_tag-kinija","10":"first","11":"instock","12":"purchasable","13":"product-type-simple"},"jetpack_sharing_enabled":true,"_links":{"self":[{"href":"https:\/\/irankiuzona.lt\/ru\/wp-json\/wp\/v2\/product\/428598","targetHints":{"allow":["GET"]}}],"collection":[{"href":"https:\/\/irankiuzona.lt\/ru\/wp-json\/wp\/v2\/product"}],"about":[{"href":"https:\/\/irankiuzona.lt\/ru\/wp-json\/wp\/v2\/types\/product"}],"replies":[{"embeddable":true,"href":"https:\/\/irankiuzona.lt\/ru\/wp-json\/wp\/v2\/comments?post=428598"}],"version-history":[{"count":1,"href":"https:\/\/irankiuzona.lt\/ru\/wp-json\/wp\/v2\/product\/428598\/revisions"}],"predecessor-version":[{"id":428599,"href":"https:\/\/irankiuzona.lt\/ru\/wp-json\/wp\/v2\/product\/428598\/revisions\/428599"}],"wp:featuredmedia":[{"embeddable":true,"href":"https:\/\/irankiuzona.lt\/ru\/wp-json\/wp\/v2\/media\/428600"}],"wp:attachment":[{"href":"https:\/\/irankiuzona.lt\/ru\/wp-json\/wp\/v2\/media?parent=428598"}],"wp:term":[{"taxonomy":"product_cat","embeddable":true,"href":"https:\/\/irankiuzona.lt\/ru\/wp-json\/wp\/v2\/product_cat?post=428598"},{"taxonomy":"product_tag","embeddable":true,"href":"https:\/\/irankiuzona.lt\/ru\/wp-json\/wp\/v2\/product_tag?post=428598"}],"curies":[{"name":"wp","href":"https:\/\/api.w.org\/{rel}","templated":true}]}}