{"id":428601,"date":"2025-12-14T13:43:53","date_gmt":"2025-12-14T13:43:53","guid":{"rendered":"https:\/\/irankiuzona.lt\/product\/sriegpjoves-laikiklis-50mm-1-2\/"},"modified":"2026-04-16T14:54:58","modified_gmt":"2026-04-16T14:54:58","slug":"sriegpjoves-laikiklis-50mm-1-2","status":"publish","type":"product","link":"https:\/\/irankiuzona.lt\/ru\/product\/sriegpjoves-laikiklis-50mm-1-2\/","title":{"rendered":"Sriegpjov\u0117s laikiklis 50mm, 1\/2"},"content":{"rendered":"<p>Sriegpjov\u0117s laikiklis ant 1\/2 colio kvadrato elementoTinka 50 mm skersmens sriegimo elementams (M20-M24, 3\/4&quot; &#8211; 1&quot;)Naudoti su 1\/2 colio kvadrato elemento prailginimu arba T formos rankena, terk\u0161le ir kt.Taip pat galima naudoti su 27 mm ver\u017eliarak\u010diu\u00a0\u00a0<\/p>","protected":false},"excerpt":{"rendered":"<p>Sriegpjov\u0117s laikiklis ant 1\/2 colio<\/p>","protected":false},"featured_media":428603,"comment_status":"open","ping_status":"open","template":"","meta":[],"product_cat":[9938],"product_tag":[9435],"class_list":{"0":"post-428601","1":"product","2":"type-product","3":"status-publish","4":"has-post-thumbnail","6":"product_brand-kinija","7":"product_cat-irankiai-sriegimui-sriegikliai-sriegpjoves-sriegmaciai","8":"product_tag-kinija","10":"first","11":"outofstock","12":"purchasable","13":"product-type-simple"},"jetpack_sharing_enabled":true,"_links":{"self":[{"href":"https:\/\/irankiuzona.lt\/ru\/wp-json\/wp\/v2\/product\/428601","targetHints":{"allow":["GET"]}}],"collection":[{"href":"https:\/\/irankiuzona.lt\/ru\/wp-json\/wp\/v2\/product"}],"about":[{"href":"https:\/\/irankiuzona.lt\/ru\/wp-json\/wp\/v2\/types\/product"}],"replies":[{"embeddable":true,"href":"https:\/\/irankiuzona.lt\/ru\/wp-json\/wp\/v2\/comments?post=428601"}],"version-history":[{"count":1,"href":"https:\/\/irankiuzona.lt\/ru\/wp-json\/wp\/v2\/product\/428601\/revisions"}],"predecessor-version":[{"id":428602,"href":"https:\/\/irankiuzona.lt\/ru\/wp-json\/wp\/v2\/product\/428601\/revisions\/428602"}],"wp:featuredmedia":[{"embeddable":true,"href":"https:\/\/irankiuzona.lt\/ru\/wp-json\/wp\/v2\/media\/428603"}],"wp:attachment":[{"href":"https:\/\/irankiuzona.lt\/ru\/wp-json\/wp\/v2\/media?parent=428601"}],"wp:term":[{"taxonomy":"product_cat","embeddable":true,"href":"https:\/\/irankiuzona.lt\/ru\/wp-json\/wp\/v2\/product_cat?post=428601"},{"taxonomy":"product_tag","embeddable":true,"href":"https:\/\/irankiuzona.lt\/ru\/wp-json\/wp\/v2\/product_tag?post=428601"}],"curies":[{"name":"wp","href":"https:\/\/api.w.org\/{rel}","templated":true}]}}