{"id":428607,"date":"2025-12-14T13:44:00","date_gmt":"2025-12-14T13:44:00","guid":{"rendered":"https:\/\/irankiuzona.lt\/product\/prozektorius-led-cob-uv-10w\/"},"modified":"2026-04-16T19:38:42","modified_gmt":"2026-04-16T19:38:42","slug":"prozektorius-led-cob-uv-10w","status":"publish","type":"product","link":"https:\/\/irankiuzona.lt\/ru\/product\/prozektorius-led-cob-uv-10w\/","title":{"rendered":"Pro\u017eektorius LED COB\/UV 10W"},"content":{"rendered":"<p>10 W COB\/UV DARBO \u017dIBINTAS <\/p>\n<p>360\u00b0 abiejuose galuose<br \/>\nLED COB \/ UV jungiklis<br \/>\nLiumen\u0173 srauto reguliatorius<br \/>\nUSB \u012fkrovimo\u00a0<br \/>\n\u00a0<\/p>\n<p>Maksimali LED galia: 620 liumen\u0173 \u012ekrovimo i\u0161vestis: 5,0 V, 2000 mAh \/ AC100 ~ 240 V, 50\/60 Hz \u012ekrovimo laikas: 3,5 val. Aktyvumo laikas: 3 val. + Li\u010dio jon\u0173 akumuliatorius: 3350 mAh, veikimo temperat\u016bra: -5 \u00b0C \u2013 +50 \u00b0C Laikymo temperat\u016bra: -20 \u00b0C \u2013 +70 \u00b0C Dydis: 477 x 50 x 40 mm Svoris: 295 g<\/p>","protected":false},"excerpt":{"rendered":"<p>10 W COB\/UV DARBO \u017dIBINTAS<\/p>","protected":false},"featured_media":428609,"comment_status":"open","ping_status":"open","template":"","meta":[],"product_cat":[9854],"product_tag":[10131],"class_list":{"0":"post-428607","1":"product","2":"type-product","3":"status-publish","4":"has-post-thumbnail","6":"product_brand-asta-lenkija","7":"product_cat-lempos-ikraunamos","8":"product_tag-asta-lenkija","10":"first","11":"instock","12":"purchasable","13":"product-type-simple"},"jetpack_sharing_enabled":true,"_links":{"self":[{"href":"https:\/\/irankiuzona.lt\/ru\/wp-json\/wp\/v2\/product\/428607","targetHints":{"allow":["GET"]}}],"collection":[{"href":"https:\/\/irankiuzona.lt\/ru\/wp-json\/wp\/v2\/product"}],"about":[{"href":"https:\/\/irankiuzona.lt\/ru\/wp-json\/wp\/v2\/types\/product"}],"replies":[{"embeddable":true,"href":"https:\/\/irankiuzona.lt\/ru\/wp-json\/wp\/v2\/comments?post=428607"}],"version-history":[{"count":1,"href":"https:\/\/irankiuzona.lt\/ru\/wp-json\/wp\/v2\/product\/428607\/revisions"}],"predecessor-version":[{"id":428608,"href":"https:\/\/irankiuzona.lt\/ru\/wp-json\/wp\/v2\/product\/428607\/revisions\/428608"}],"wp:featuredmedia":[{"embeddable":true,"href":"https:\/\/irankiuzona.lt\/ru\/wp-json\/wp\/v2\/media\/428609"}],"wp:attachment":[{"href":"https:\/\/irankiuzona.lt\/ru\/wp-json\/wp\/v2\/media?parent=428607"}],"wp:term":[{"taxonomy":"product_cat","embeddable":true,"href":"https:\/\/irankiuzona.lt\/ru\/wp-json\/wp\/v2\/product_cat?post=428607"},{"taxonomy":"product_tag","embeddable":true,"href":"https:\/\/irankiuzona.lt\/ru\/wp-json\/wp\/v2\/product_tag?post=428607"}],"curies":[{"name":"wp","href":"https:\/\/api.w.org\/{rel}","templated":true}]}}