{"id":428610,"date":"2025-12-14T13:44:04","date_gmt":"2025-12-14T13:44:04","guid":{"rendered":"https:\/\/irankiuzona.lt\/product\/dumu-generatorius-su-priedais\/"},"modified":"2026-04-16T21:03:49","modified_gmt":"2026-04-16T21:03:49","slug":"dumu-generatorius-su-priedais","status":"publish","type":"product","link":"https:\/\/irankiuzona.lt\/ru\/product\/dumu-generatorius-su-priedais\/","title":{"rendered":"D\u016bm\u0173 generatorius su priedais"},"content":{"rendered":"<p>Technin\u0117s specifikacijos:<br \/>\n \u2013 Nominali \u012ftampa: 12 V nuolatin\u0117 srov\u0117<br \/>\n \u2013 Nominali galia: 48 W<br \/>\n\u2013 D\u016bm\u0173 i\u0161eiga: 20\u201330 l\/min<br \/>\n \u2013 Darbinis sl\u0117gis: 0,8 baro (0\u201311 psi) Komplektas:<br \/>\n \u2013 D\u016bm\u0173 generatorius<br \/>\n\u2013 Universalus pripu\u010diamas dangtelis<br \/>\n\u2013 Maitinimo laidas<br \/>\n\u2013 Vo\u017etuvo ranken\u0117l\u0117<br \/>\n\u2013 \u017darnos spaustukas<br \/>\n\u2013 Kablys \u2013 BMW jungtis \u2013 D\u016bm\u0173 \u017earna \u2013 Veleno adapteris \u2013 Dideli, vidutiniai ir ma\u017ei k\u016bginiai sandarikliai<\/p>","protected":false},"excerpt":{"rendered":"<p>D\u016aM\u0172 GENERATORIUS NUOTEK\u0116JIMUI APTIKTI<\/p>","protected":false},"featured_media":428612,"comment_status":"open","ping_status":"open","template":"","meta":[],"product_cat":[9563],"product_tag":[10130],"class_list":{"0":"post-428610","1":"product","2":"type-product","3":"status-publish","4":"has-post-thumbnail","6":"product_brand-satra-lenkija","7":"product_cat-irankiai-ausinimo-sistemai","8":"product_tag-satra-lenkija","10":"first","11":"outofstock","12":"purchasable","13":"product-type-simple"},"jetpack_sharing_enabled":true,"_links":{"self":[{"href":"https:\/\/irankiuzona.lt\/ru\/wp-json\/wp\/v2\/product\/428610","targetHints":{"allow":["GET"]}}],"collection":[{"href":"https:\/\/irankiuzona.lt\/ru\/wp-json\/wp\/v2\/product"}],"about":[{"href":"https:\/\/irankiuzona.lt\/ru\/wp-json\/wp\/v2\/types\/product"}],"replies":[{"embeddable":true,"href":"https:\/\/irankiuzona.lt\/ru\/wp-json\/wp\/v2\/comments?post=428610"}],"version-history":[{"count":1,"href":"https:\/\/irankiuzona.lt\/ru\/wp-json\/wp\/v2\/product\/428610\/revisions"}],"predecessor-version":[{"id":428611,"href":"https:\/\/irankiuzona.lt\/ru\/wp-json\/wp\/v2\/product\/428610\/revisions\/428611"}],"wp:featuredmedia":[{"embeddable":true,"href":"https:\/\/irankiuzona.lt\/ru\/wp-json\/wp\/v2\/media\/428612"}],"wp:attachment":[{"href":"https:\/\/irankiuzona.lt\/ru\/wp-json\/wp\/v2\/media?parent=428610"}],"wp:term":[{"taxonomy":"product_cat","embeddable":true,"href":"https:\/\/irankiuzona.lt\/ru\/wp-json\/wp\/v2\/product_cat?post=428610"},{"taxonomy":"product_tag","embeddable":true,"href":"https:\/\/irankiuzona.lt\/ru\/wp-json\/wp\/v2\/product_tag?post=428610"}],"curies":[{"name":"wp","href":"https:\/\/api.w.org\/{rel}","templated":true}]}}