{"id":428652,"date":"2025-12-14T13:47:41","date_gmt":"2025-12-14T13:47:41","guid":{"rendered":"https:\/\/irankiuzona.lt\/product\/dzemperis-su-gobtuvu-niers-juodas-l\/"},"modified":"2026-04-15T08:48:53","modified_gmt":"2026-04-15T08:48:53","slug":"dzemperis-su-gobtuvu-niers-juodas-l","status":"publish","type":"product","link":"https:\/\/irankiuzona.lt\/ru\/product\/dzemperis-su-gobtuvu-niers-juodas-l\/","title":{"rendered":"D\u017eemperis su gobtuvu NIERS , juodas, L"},"content":{"rendered":"<p>Klasikinis d\u017eemperis su gobtuvu.\u00a0Jis pagamintas i\u0161 auk\u0161\u010diausios kokyb\u0117s mink\u0161to megzto audinio, kuris padidina d\u0117v\u0117jimo komfort\u0105 ir u\u017etikrina jud\u0117jimo laisv\u0119 bet kokios veiklos metu.\u00a0D\u017eemperis turi talpi\u0105 keng\u016bros ki\u0161en\u0119, kurioje tilps smulk\u016bs daiktai ir prireikus su\u0161ildys rankas.<br \/>\nCharakteristikos .<br \/>\nmed\u017eiaga: trikota\u017eas 65 % medviln\u0117s,<br \/>\n35 % poliesterio;<br \/>\nsvoris 260 g\/m\u00b2;<\/p>","protected":false},"excerpt":{"rendered":"<p>NIERS d\u017eemperis su gobtuvu, juodas, L (52)<\/p>","protected":false},"featured_media":428654,"comment_status":"open","ping_status":"open","template":"","meta":[],"product_cat":[10082],"product_tag":[9969],"class_list":{"0":"post-428652","1":"product","2":"type-product","3":"status-publish","4":"has-post-thumbnail","6":"product_brand-hogert-technik-vokietija","7":"product_cat-darbiniai-dzemperiai","8":"product_tag-hogert-technik-vokietija","10":"first","11":"instock","12":"purchasable","13":"product-type-simple"},"jetpack_sharing_enabled":true,"_links":{"self":[{"href":"https:\/\/irankiuzona.lt\/ru\/wp-json\/wp\/v2\/product\/428652","targetHints":{"allow":["GET"]}}],"collection":[{"href":"https:\/\/irankiuzona.lt\/ru\/wp-json\/wp\/v2\/product"}],"about":[{"href":"https:\/\/irankiuzona.lt\/ru\/wp-json\/wp\/v2\/types\/product"}],"replies":[{"embeddable":true,"href":"https:\/\/irankiuzona.lt\/ru\/wp-json\/wp\/v2\/comments?post=428652"}],"version-history":[{"count":1,"href":"https:\/\/irankiuzona.lt\/ru\/wp-json\/wp\/v2\/product\/428652\/revisions"}],"predecessor-version":[{"id":428653,"href":"https:\/\/irankiuzona.lt\/ru\/wp-json\/wp\/v2\/product\/428652\/revisions\/428653"}],"wp:featuredmedia":[{"embeddable":true,"href":"https:\/\/irankiuzona.lt\/ru\/wp-json\/wp\/v2\/media\/428654"}],"wp:attachment":[{"href":"https:\/\/irankiuzona.lt\/ru\/wp-json\/wp\/v2\/media?parent=428652"}],"wp:term":[{"taxonomy":"product_cat","embeddable":true,"href":"https:\/\/irankiuzona.lt\/ru\/wp-json\/wp\/v2\/product_cat?post=428652"},{"taxonomy":"product_tag","embeddable":true,"href":"https:\/\/irankiuzona.lt\/ru\/wp-json\/wp\/v2\/product_tag?post=428652"}],"curies":[{"name":"wp","href":"https:\/\/api.w.org\/{rel}","templated":true}]}}