{"id":428658,"date":"2025-12-14T13:47:52","date_gmt":"2025-12-14T13:47:52","guid":{"rendered":"https:\/\/irankiuzona.lt\/product\/reduktorius-1-4-pneumo-dazymo-pistoletui\/"},"modified":"2026-04-15T05:42:22","modified_gmt":"2026-04-15T05:42:22","slug":"reduktorius-1-4-pneumo-dazymo-pistoletui","status":"publish","type":"product","link":"https:\/\/irankiuzona.lt\/ru\/product\/reduktorius-1-4-pneumo-dazymo-pistoletui\/","title":{"rendered":"Reduktorius 1\/4&#8221; pneumo da\u017eymo pistoletui"},"content":{"rendered":"<p>Jungties sriegis: 1\/4 colio<br \/>\nSl\u0117gio diapazonas: 0\u201310 bar \/ 0\u2013140 PSI<br \/>\n Maksimalus oro srautas: 600 l\/min<br \/>\n Darbin\u0117 temperat\u016bra: 5\u201350 \u00b0C<br \/>\nManometro skersmuo: 33 mm\u00a0<\/p>","protected":false},"excerpt":{"rendered":"<p>Sl\u0117gio reduktorius da\u017e\u0173 pur\u0161kimo pistoletui su 1\/4 colio vandens gaudykle<\/p>","protected":false},"featured_media":428660,"comment_status":"open","ping_status":"open","template":"","meta":[],"product_cat":[9706],"product_tag":[9810],"class_list":{"0":"post-428658","1":"product","2":"type-product","3":"status-publish","4":"has-post-thumbnail","6":"product_brand-geko-lenkija","7":"product_cat-oro-srauto-reguliatoriai-tepalines-dregmes-surinkejai","8":"product_tag-geko-lenkija","10":"first","11":"instock","12":"purchasable","13":"product-type-simple"},"jetpack_sharing_enabled":true,"_links":{"self":[{"href":"https:\/\/irankiuzona.lt\/ru\/wp-json\/wp\/v2\/product\/428658","targetHints":{"allow":["GET"]}}],"collection":[{"href":"https:\/\/irankiuzona.lt\/ru\/wp-json\/wp\/v2\/product"}],"about":[{"href":"https:\/\/irankiuzona.lt\/ru\/wp-json\/wp\/v2\/types\/product"}],"replies":[{"embeddable":true,"href":"https:\/\/irankiuzona.lt\/ru\/wp-json\/wp\/v2\/comments?post=428658"}],"version-history":[{"count":1,"href":"https:\/\/irankiuzona.lt\/ru\/wp-json\/wp\/v2\/product\/428658\/revisions"}],"predecessor-version":[{"id":428659,"href":"https:\/\/irankiuzona.lt\/ru\/wp-json\/wp\/v2\/product\/428658\/revisions\/428659"}],"wp:featuredmedia":[{"embeddable":true,"href":"https:\/\/irankiuzona.lt\/ru\/wp-json\/wp\/v2\/media\/428660"}],"wp:attachment":[{"href":"https:\/\/irankiuzona.lt\/ru\/wp-json\/wp\/v2\/media?parent=428658"}],"wp:term":[{"taxonomy":"product_cat","embeddable":true,"href":"https:\/\/irankiuzona.lt\/ru\/wp-json\/wp\/v2\/product_cat?post=428658"},{"taxonomy":"product_tag","embeddable":true,"href":"https:\/\/irankiuzona.lt\/ru\/wp-json\/wp\/v2\/product_tag?post=428658"}],"curies":[{"name":"wp","href":"https:\/\/api.w.org\/{rel}","templated":true}]}}