{"id":428661,"date":"2025-12-14T13:47:56","date_gmt":"2025-12-14T13:47:56","guid":{"rendered":"https:\/\/irankiuzona.lt\/product\/akumuliatoriaus-ikrovejas-paleidejas12-24v-10a\/"},"modified":"2026-04-15T03:41:51","modified_gmt":"2026-04-15T03:41:51","slug":"akumuliatoriaus-ikrovejas-paleidejas12-24v-10a","status":"publish","type":"product","link":"https:\/\/irankiuzona.lt\/ru\/product\/akumuliatoriaus-ikrovejas-paleidejas12-24v-10a\/","title":{"rendered":"Akumuliatoriaus \u012fkrov\u0117jas-paleid\u0117jas12\/24V 10A"},"content":{"rendered":"<p>\u012erenginio re\u017eimai Re\u017eimai parenkami rankiniu b\u016bdu naudojant mygtuk\u0105 MODE (i\u0161skyrus automatinius \u017eiemos \/ vasaros re\u017eimus).<br \/>\n Kiekvienas re\u017eimas yra optimizuotas konkre\u010diai transporto priemonei arba akumuliatoriaus tipui.<br \/>\nMOTOCIKLO re\u017eimas Tinka vis\u0173 tip\u0173 motociklams ir \u0161vino r\u016bg\u0161ties akumuliatoriams. Diapazonas: 12 V \/ 24 V 2 Ah\u201315 Ah L\u0117tas, \u0161velnus \u012fkrovimas, idealiai tinka ma\u017eiems akumuliatoriams dvirat\u0117se transporto priemon\u0117se, keturra\u010diuose ir motoroleriuose.<br \/>\nTRANSPORTO PRIEMON\u0116S re\u017eimas Tinka lengviesiems automobiliams, \u017eem\u0117s \u016bkio transporto priemon\u0117ms ir sunkve\u017eimiams. Diapazonas: 12 V \/ 24 V 15 Ah\u2013150 Ah U\u017etikrina greit\u0105 \u012fkrovim\u0105 maksimalia 10 A (12 V) arba 5 A (24 V) srove, visi\u0161kai automati\u0161kai reguliuodamas \u012fkrovimo \u012ftamp\u0105 ir srov\u0119. AGM \/ GEL re\u017eimas Sukurtas \u0161iuolaikiniams automobili\u0173 akumuliatoriams su \u201eStart-Stop\u201c sistemomis, GEL ir AGM akumuliatoriams bei Ca \/ Ca kalcio akumuliatoriams. Diapazonas: 12 V \/ 24 V 2 Ah\u2013150 Ah Apsaugo elementus nuo perkrovimo ir perkaitimo, i\u0161laikydamas optimalias \u012fkrovimo charakteristikas. SUNKVE\u017dIMIO re\u017eimas<br \/>\nTinka dideliems lengviesiems automobiliams, mikroautobusams ir sunkve\u017eimiams.<br \/>\n Diapazonas: 12 V \/ 24 V 15 Ah\u2013150 Ah U\u017etikrina didel\u012f \u012fkrovimo efektyvum\u0105, kartu i\u0161laikant visi\u0161k\u0105 akumuliatoriaus saugum\u0105. TAISYMO re\u017eimas Impulsinis taisymo re\u017eimas skirtas bandyti regeneruoti ir desulfatuoti akumuliatorius, kurie: ilg\u0105 laik\u0105 nebuvo naudojami, yra prastai \u012fkrauti arba giliai i\u0161sikrov\u0119, rodo sulfacijos po\u017eymius. Procesas atliekamas impulsiniu re\u017eimu, kuris suskaido \u0161vino sulfato kristalus, atkurdamas dal\u012f prarastos akumuliatoriaus talpos ir u\u017evedimo geb\u0117jimo. Pastaba: taisymo funkcija ne visada atkurs vis\u0105 pa\u017eeist\u0173 arba labai sen\u0173 akumuliatori\u0173 na\u0161um\u0105. \u017diemos re\u017eimas \/ Vasaros re\u017eimas (automatinis)<br \/>\n \u012ekroviklis automati\u0161kai aptinka aplinkos temperat\u016br\u0105 ir parenka tinkam\u0105 re\u017eim\u0105: \u017diemos re\u017eimas \u012fsijungia esant \u017eemesnei nei -10 \u00b0C temperat\u016brai, padidindamas \u012fkrovimo \u012ftamp\u0105, kad \u012frenginys veikt\u0173 efektyviau \u017eemoje temperat\u016broje. Vasaros re\u017eimas \u012fsijungia esant auk\u0161tesnei nei +28 \u00b0C temperat\u016brai, suma\u017eindamas \u012ftamp\u0105, kad b\u016bt\u0173 i\u0161vengta perkrovimo. AKUMULO REMONTO (REGENERACIJOS) funkcija Impulsinio desulfatavimo funkcija leid\u017eia regeneruoti senesnius ir ilgai nenaudotus \u0161vino r\u016bg\u0161ties akumuliatorius (\u0161lapias, GEL, AGM). D\u0117l kintamos \u012ftampos impuls\u0173 sekos \u012fkroviklis gali: prailginti akumuliatoriaus tarnavimo laik\u0105, padidinti jo talp\u0105, pagerinti u\u017evedimo na\u0161um\u0105. \u0160is sprendimas ypa\u010d naudingas vartotojams, norintiems atnaujinti senesn\u012f akumuliatori\u0173 jo nedelsiant nekei\u010diant. I\u0161maniosios funkcijos ir apsaugos Automatinis akumuliatoriaus \u012ftampos aptikimas (12 V \/ 24 V) Palaikomojo \u012fkrovimo sistema po pilno \u012fkrovimo Apsauga nuo atvirk\u0161tinio poli\u0161kumo Apsauga nuo trumpojo jungimo, perkaitimo ir perkrovos Automatinis \u017eiemos \/ vasaros re\u017eimo perjungimas Lengvai \u012fskaitomas, ap\u0161viestas LCD ekranas, kuriame rodoma \u012ftampa, srov\u0117, temperat\u016bra ir aktyvus veikimo re\u017eimas Technin\u0117s specifikacijos Maitinimo \u0161altinis: 230 V AC I\u0161\u0117jimo \u012ftampa: 12 V \/ 24 V DC Maksimali \u012fkrovimo srov\u0117: 10 A (12 V) \/ 5 A (24 V) Did\u017eiausia galia (energijos suvartojimas): 150 W AC Palaikoma akumuliatoriaus \u012ftampa: 12 V \/ 24 V Akumuliatoriaus talpa: 2 Ah \u2013 150 Ah Akumuliatori\u0173 tipai: \u0160vino-r\u016bg\u0161ties (WET, MF, Ca\/Ca), GEL, AGM Darbin\u0117 temperat\u016bra: nuo -20 \u00b0C iki +45 \u00b0C Maitinimo laido ilgis: 150 cm I\u0161\u0117jimo laido ilgis: 64 cm Apsauga: atvirk\u0161tinis poli\u0161kumas, trumpasis jungimas, perkaitimas, perkrova Specialios savyb\u0117s: automatinis \u017eiemos \/ vasaros re\u017eimo pasirinkimas, akumuliatoriaus remonto (regeneracijos) funkcija<\/p>","protected":false},"excerpt":{"rendered":"<p>Automatinis akumuliatori\u0173 \u012fkroviklis su remonto funkcija 12\/24V 10A<\/p>","protected":false},"featured_media":428663,"comment_status":"open","ping_status":"open","template":"","meta":[],"product_cat":[9881],"product_tag":[9810],"class_list":{"0":"post-428661","1":"product","2":"type-product","3":"status-publish","4":"has-post-thumbnail","6":"product_brand-geko-lenkija","7":"product_cat-ikrovikliai-akumuliatoriams-akumuliatoriu-testeriai","8":"product_tag-geko-lenkija","10":"first","11":"outofstock","12":"purchasable","13":"product-type-simple"},"jetpack_sharing_enabled":true,"_links":{"self":[{"href":"https:\/\/irankiuzona.lt\/ru\/wp-json\/wp\/v2\/product\/428661","targetHints":{"allow":["GET"]}}],"collection":[{"href":"https:\/\/irankiuzona.lt\/ru\/wp-json\/wp\/v2\/product"}],"about":[{"href":"https:\/\/irankiuzona.lt\/ru\/wp-json\/wp\/v2\/types\/product"}],"replies":[{"embeddable":true,"href":"https:\/\/irankiuzona.lt\/ru\/wp-json\/wp\/v2\/comments?post=428661"}],"version-history":[{"count":1,"href":"https:\/\/irankiuzona.lt\/ru\/wp-json\/wp\/v2\/product\/428661\/revisions"}],"predecessor-version":[{"id":428662,"href":"https:\/\/irankiuzona.lt\/ru\/wp-json\/wp\/v2\/product\/428661\/revisions\/428662"}],"wp:featuredmedia":[{"embeddable":true,"href":"https:\/\/irankiuzona.lt\/ru\/wp-json\/wp\/v2\/media\/428663"}],"wp:attachment":[{"href":"https:\/\/irankiuzona.lt\/ru\/wp-json\/wp\/v2\/media?parent=428661"}],"wp:term":[{"taxonomy":"product_cat","embeddable":true,"href":"https:\/\/irankiuzona.lt\/ru\/wp-json\/wp\/v2\/product_cat?post=428661"},{"taxonomy":"product_tag","embeddable":true,"href":"https:\/\/irankiuzona.lt\/ru\/wp-json\/wp\/v2\/product_tag?post=428661"}],"curies":[{"name":"wp","href":"https:\/\/api.w.org\/{rel}","templated":true}]}}