{"id":428688,"date":"2025-12-14T13:48:43","date_gmt":"2025-12-14T13:48:43","guid":{"rendered":"https:\/\/irankiuzona.lt\/product\/akumuliatoriaus-ikrovejas-paleidejas12-24v-8a\/"},"modified":"2026-04-21T23:55:59","modified_gmt":"2026-04-21T23:55:59","slug":"akumuliatoriaus-ikrovejas-paleidejas12-24v-8a","status":"publish","type":"product","link":"https:\/\/irankiuzona.lt\/ru\/product\/akumuliatoriaus-ikrovejas-paleidejas12-24v-8a\/","title":{"rendered":"Akumuliatoriaus \u012fkrov\u0117jas-paleid\u0117jas12\/24V 8A"},"content":{"rendered":"<p>\u012erenginio veikimo re\u017eimai Darbo re\u017eimai rankiniu b\u016bdu pasirenkami naudojant mygtuk\u0105 MODE (i\u0161skyrus automatinius \u017eiemos \/ vasaros re\u017eimus).<\/p>\n<p>Transporto priemon\u0117s re\u017eimas Tinka lengviesiems automobiliams, \u017eem\u0117s \u016bkio transporto priemon\u0117ms, sunkve\u017eimiams ir visiems standartiniams \u0161vino r\u016bg\u0161ties akumuliatoriams.<\/p>\n<p> U\u017etikrina greit\u0105 \u012fkrovim\u0105 maksimalia 8,0 A srove 12 V akumuliatoriams ir 4,0 A srove 24 V akumuliatoriams. AGM \/ GEL re\u017eimas Tinka automobili\u0173 akumuliatoriams su \u201eStart-Stop\u201c sistemomis, taip pat AGM, GEL ir Ca\/Ca akumuliatoriams.<\/p>\n<p> Optimizuoja \u012fkrovimo \u012ftamp\u0105 ir srov\u0119, apsaugodamas elementus nuo perkaitimo ir perkrovimo. Motociklo re\u017eimas Idealiai tinka vis\u0173 tip\u0173 motociklams, motoroleriams ir keturra\u010diams su 12 V akumuliatoriais. Leid\u017eia l\u0117tai \u012fkrauti maksimalia 3,0 A srove, u\u017etikrinant \u0161veln\u0173 ir saug\u0173 ma\u017e\u0173 akumuliatori\u0173 \u012fkrovim\u0105. Remonto re\u017eimas (regeneracija) Specialus impulsinio remonto re\u017eimas, skirtas regeneruoti ir desulfatuoti \u0161vino r\u016bg\u0161ties akumuliatorius (WET, GEL, AGM), kurie: ilg\u0105 laik\u0105 nebuvo naudojami, yra giliai i\u0161sikrov\u0119, rodo sulfatacijos po\u017eymius. <\/p>\n<p>Regeneracijos procese naudojama impulsinio \u012fkrovimo technologija, kuri gali pagerinti akumuliatoriaus talp\u0105 ir na\u0161um\u0105.<\/p>\n<p> Pastaba: Remonto funkcija ne visada atkurs vis\u0105 labai sen\u0173 arba mechani\u0161kai pa\u017eeist\u0173 akumuliatori\u0173 na\u0161um\u0105. \u017diemos re\u017eimas \/ vasaros re\u017eimas (automatinis) \u012ekroviklis automati\u0161kai koreguoja \u012fkrovimo parametrus, atsi\u017evelgdamas \u012f aplinkos temperat\u016br\u0105: \u017diemos re\u017eimas \u012fsijungia esant \u017eemesnei nei -10 \u00b0C temperat\u016brai, padidindamas \u012fkrovimo \u012ftamp\u0105. Vasaros re\u017eimas \u012fsijungia esant auk\u0161tesnei nei +28 \u00b0C temperat\u016brai, suma\u017eindamas \u012ftamp\u0105, kad apsaugot\u0173 akumuliatori\u0173. Akumuliatoriaus remonto (regeneracijos) funkcija \u201eRemonto\u201c re\u017eimas (dar \u017einomas kaip impulsinis desulfatavimas) naudojamas sulfatuot\u0173 arba ilgai nenaudot\u0173 akumuliatori\u0173 na\u0161umui atkurti. Generuodamas kintamo da\u017enio impulsus, \u012fkroviklis bando suskaidyti \u0161vino sulfato kristalus, kurie susidaro akumuliatoriaus sen\u0117jimo proceso metu. Tai leid\u017eia: pagerinti talp\u0105 padidinti u\u017evedimo galimybes pailginti akumuliatoriaus veikimo laik\u0105 \u0160i funkcija neveikia su mechani\u0161kai pa\u017eeistais arba visi\u0161kai susid\u0117v\u0117jusiais akumuliatoriais. I\u0161maniosios funkcijos ir apsauga Automatinis \u012ftampos aptikimas (12 V \/ 24 V) Palaikomasis \u012fkrovimas po \u012fkrovimo Apsauga nuo atvirk\u0161tinio poli\u0161kumo Apsauga nuo perkaitimo, perkrovos ir trumpojo jungimo Automatinis temperat\u016bros valdymas (\u017eiemos \/ vasaros re\u017eimas) Ap\u0161viestas LCD ekranas, kuriame rodoma \u012ftampa, \u012fkrovimo srov\u0117, temperat\u016bra ir aktyvus veikimo re\u017eimas Naudojimo patogumas ir saugumas \u012ekroviklis sukurtas atsi\u017evelgiant \u012f saugum\u0105 ir patogum\u0105. Sm\u016bgiams atsparus ABS korpusas ir ventiliuojamos \u0161onin\u0117s dalys u\u017etikrina ilg\u0105 ir be problem\u0173 veikiant\u012f veikim\u0105. D\u0117l kompakti\u0161ko dizaino ir ma\u017eo svorio prietaisas idealiai tinka naudoti tiek dirbtuv\u0117se, tiek namuose. Technin\u0117s specifikacijos Maitinimo \u0161altinis: 230 V AC I\u0161\u0117jimo \u012ftampa: 12 V \/ 24 V DC Maksimali \u012fkrovimo srov\u0117: 8 A (12 V) \/ 4 A (24 V) Did\u017eiausias energijos suvartojimas: 120 W AC Palaikoma akumuliatoriaus \u012ftampa: 12 V \/ 24 V Akumuliatoriaus talpa: 2 Ah \u2013 150 Ah Akumuliatori\u0173 tipai: \u0160vino-r\u016bg\u0161ties (WET, MF, Ca\/Ca), GEL, AGM Darbin\u0117 temperat\u016bra: nuo \u201320 \u00b0C iki +45 \u00b0C Maitinimo laido ilgis: 150 cm I\u0161\u0117jimo laido ilgis: 64 cm Apsaugos: atvirk\u0161tinis poli\u0161kumas, trumpasis jungimas, perkaitimas, perkrova Specialios savyb\u0117s: automatinis \u017eiemos\/vasaros re\u017eimas, akumuliatoriaus remonto funkcija<\/p>","protected":false},"excerpt":{"rendered":"<p>Automatinis akumuliatori\u0173 \u012fkroviklis su remonto funkcija 12\/24V 8A<\/p>","protected":false},"featured_media":428690,"comment_status":"open","ping_status":"open","template":"","meta":[],"product_cat":[9881],"product_tag":[9810],"class_list":{"0":"post-428688","1":"product","2":"type-product","3":"status-publish","4":"has-post-thumbnail","6":"product_brand-geko-lenkija","7":"product_cat-ikrovikliai-akumuliatoriams-akumuliatoriu-testeriai","8":"product_tag-geko-lenkija","10":"first","11":"outofstock","12":"purchasable","13":"product-type-simple"},"jetpack_sharing_enabled":true,"_links":{"self":[{"href":"https:\/\/irankiuzona.lt\/ru\/wp-json\/wp\/v2\/product\/428688","targetHints":{"allow":["GET"]}}],"collection":[{"href":"https:\/\/irankiuzona.lt\/ru\/wp-json\/wp\/v2\/product"}],"about":[{"href":"https:\/\/irankiuzona.lt\/ru\/wp-json\/wp\/v2\/types\/product"}],"replies":[{"embeddable":true,"href":"https:\/\/irankiuzona.lt\/ru\/wp-json\/wp\/v2\/comments?post=428688"}],"version-history":[{"count":1,"href":"https:\/\/irankiuzona.lt\/ru\/wp-json\/wp\/v2\/product\/428688\/revisions"}],"predecessor-version":[{"id":428689,"href":"https:\/\/irankiuzona.lt\/ru\/wp-json\/wp\/v2\/product\/428688\/revisions\/428689"}],"wp:featuredmedia":[{"embeddable":true,"href":"https:\/\/irankiuzona.lt\/ru\/wp-json\/wp\/v2\/media\/428690"}],"wp:attachment":[{"href":"https:\/\/irankiuzona.lt\/ru\/wp-json\/wp\/v2\/media?parent=428688"}],"wp:term":[{"taxonomy":"product_cat","embeddable":true,"href":"https:\/\/irankiuzona.lt\/ru\/wp-json\/wp\/v2\/product_cat?post=428688"},{"taxonomy":"product_tag","embeddable":true,"href":"https:\/\/irankiuzona.lt\/ru\/wp-json\/wp\/v2\/product_tag?post=428688"}],"curies":[{"name":"wp","href":"https:\/\/api.w.org\/{rel}","templated":true}]}}