{"id":428691,"date":"2025-12-14T13:48:48","date_gmt":"2025-12-14T13:48:48","guid":{"rendered":"https:\/\/irankiuzona.lt\/product\/akumuliatoriaus-ikrovejas-paleidejas12v-8a-2\/"},"modified":"2026-04-15T01:48:49","modified_gmt":"2026-04-15T01:48:49","slug":"akumuliatoriaus-ikrovejas-paleidejas12v-8a-2","status":"publish","type":"product","link":"https:\/\/irankiuzona.lt\/ru\/product\/akumuliatoriaus-ikrovejas-paleidejas12v-8a-2\/","title":{"rendered":"Akumuliatoriaus \u012fkrov\u0117jas-paleid\u0117jas12V 8A"},"content":{"rendered":"<p>\u012erenginio veikimo re\u017eimai \u012ekrovimo re\u017eimai rankiniu b\u016bdu pasirenkami naudojant mygtuk\u0105 MODE (i\u0161skyrus \u017eiemos ir vasaros re\u017eimus, kurie \u012fsijungia automati\u0161kai). Transporto priemon\u0117s re\u017eimas Tinka daugumai 12 V \u0161vino r\u016bg\u0161ties akumuliatori\u0173, naudojam\u0173 lengvuosiuose automobiliuose, \u017eem\u0117s \u016bkio transporto priemon\u0117se ir sunkve\u017eimiuose. Palaiko WET (\u0161lapias), MF (nereikalaujantis prie\u017ei\u016bros) ir Ca\/Ca (kalcio) tipus. Start-Stop \/ AGM \/ GEL re\u017eimas Sukurtas 12 V akumuliatoriams, naudojamiems transporto priemon\u0117se su Start-Stop sistemomis, taip pat AGM ir GEL akumuliatoriams. Optimizuoja \u012fkrovimo proces\u0105, apsaugodamas elementus nuo perkrovimo ir perkaitimo. Motociklo re\u017eimas Tinka vis\u0173 tip\u0173 12 V \u0161vino r\u016bg\u0161ties akumuliatoriams, naudojamiems motocikluose, motoroleriuose ir ma\u017eesn\u0117se transporto priemon\u0117se. U\u017etikrina \u0161veln\u0173 ir tiksl\u0173 ma\u017eesni\u0173 akumuliatori\u0173 \u012fkrovim\u0105. Li\u010dio gele\u017eies (LiFePO4) re\u017eimas Sukurtas li\u010dio gele\u017eies fosfato (LiFePO4) akumuliatoriams \u012fkrauti, kai \u012fkrovimo \u012ftampa yra 14,6 V. U\u017etikrina stabil\u0173 ir saug\u0173 li\u010dio element\u0173 \u012fkrovim\u0105. PASTABA: LiFePO4 re\u017eimas tur\u0117t\u0173 b\u016bti naudojamas tik \u0161io tipo akumuliatoriams. Remonto re\u017eimas (atnaujinimas) Specialus impulsinio remonto re\u017eimas, skirtas 12 V \u0161vino r\u016bg\u0161ties akumuliatori\u0173 (WET, GEL, AGM) regeneracijai, kurie: \u2013 ilg\u0105 laik\u0105 nebuvo naudojami, \u2013 yra giliai i\u0161sikrov\u0119, \u2013 arba rodo sulfacijos po\u017eymius. \u0160is re\u017eimas naudoja impulsinio \u012fkrovimo technologij\u0105, kad pagerint\u0173 talp\u0105 ir pailgint\u0173 akumuliatoriaus tarnavimo laik\u0105. Remonto re\u017eimas neturi atminties funkcijos ir turi b\u016bti \u012fjungtas rankiniu b\u016bdu. \u017diemos re\u017eimas \/ vasaros re\u017eimas (automatinis) \u012ekroviklis automati\u0161kai nustato aplinkos temperat\u016br\u0105 ir reguliuoja \u012fkrovimo \u012ftamp\u0105: \u017diemos re\u017eimas \u012fsijungia esant \u017eemesnei nei -10 \u00b0C temperat\u016brai \u2013 padidina \u012ftamp\u0105, kad b\u016bt\u0173 u\u017etikrintas geresnis \u012fkrovimo efektyvumas \u017eemoje temperat\u016broje. Vasaros re\u017eimas \u012fsijungia esant auk\u0161tesnei nei 28 \u00b0C (82 \u00b0F) temperat\u016brai \u2013 suma\u017eina \u012ftamp\u0105, apsaugodamas akumuliatori\u0173 nuo perkrovimo auk\u0161toje temperat\u016broje. 9 etap\u0173 \u012fkrovimas \u2013 maksimalus efektyvumas ir apsauga \u012ekroviklis naudoja pa\u017eang\u0173 devyni\u0173 etap\u0173 \u012fkrovimo proces\u0105, kuris u\u017etikrina ilgesn\u012f akumuliatoriaus veikimo laik\u0105 ir visi\u0161k\u0105 saugum\u0105: Akumuliatoriaus aptikimas Desulfacija (impulsinis desulfacijos \u0161alinimas) Nuolatin\u0117s srov\u0117s \u012fkrovimas (pus\u0117 galios) Nuolatin\u0117s srov\u0117s \u012fkrovimas (visa galia) Nuolatin\u0117s \u012ftampos \u012fkrovimas Regeneracija \/ remontas Palaikomasis \u012fkrovimas Talpos palaikymas (steb\u0117jimas) Automatinis \u012fkrovimo nutraukimas Tai u\u017etikrina, kad akumuliatorius b\u016bt\u0173 ne tik \u012fkrautas, bet ir tinkamai apsaugotas nuo perkrovimo, perkaitimo ir element\u0173 pa\u017eeidimo. Atminties funkcija Baigus \u012fkrovim\u0105, \u012fkroviklis automati\u0161kai prisimena paskutin\u012f naudot\u0105 veikimo re\u017eim\u0105 ir kit\u0105 kart\u0105 \u012fjungus gr\u012f\u017eta prie t\u0173 pa\u010di\u0173 nustatym\u0173. Tai \u017eymiai pagerina naudotojo patogum\u0105 \u2013 tiesiog prijunkite \u012frengin\u012f, ir \u012fkroviklis automati\u0161kai pasirinks ankstesnius \u012fkrovimo parametrus. Remonto re\u017eimas ne\u012ftrauktas \u012f atminties funkcij\u0105. Re\u017eimo perjungimo prevencijos mechanizmas Prad\u0117jus \u012fkrovim\u0105 (ma\u017edaug po 25 sekund\u017ei\u0173), \u012frenginys u\u017erakina mygtuk\u0105 MODE, kad b\u016bt\u0173 i\u0161vengta atsitiktinio re\u017eimo perjungimo veikimo metu. Nor\u0117dami pakeisti re\u017eimus, atjunkite vien\u0105 i\u0161 gnybt\u0173 arba pagrindin\u012f maitinimo \u0161altin\u012f \u2013 \u0161is sprendimas apsaugo akumuliatori\u0173 nuo naudotojo klaid\u0173 ir element\u0173 pa\u017eeidim\u0173. Apsauga ir i\u0161maniosios funkcijos Apsauga nuo atvirk\u0161tinio poli\u0161kumo Apsauga nuo trumpojo jungimo ir perkaitimo Apsauga nuo perkrovos Automatinis akumuliatoriaus tipo ir \u012fkrovimo b\u016bsenos atpa\u017einimas Bud\u0117jimo re\u017eimas po \u012fkrovimo (\u012ftampos palaikymas) Ap\u0161viestas LCD ekranas su dabartine \u012ftampa, srove ir re\u017eimu Technin\u0117s specifikacijos Maitinimo \u0161altinis: 230 V AC I\u0161\u0117jimo \u012ftampa: 12 V DC Maksimali \u012fkrovimo srov\u0117: 8 A DC Did\u017eiausia galia (energijos suvartojimas): 120 W AC Palaikomos baterijos: 12 V, 2 Ah \u2013 180 Ah Akumuliatori\u0173 tipai: WET, MF, Ca\/Ca, GEL, AGM, LiFePO4 Darbin\u0117 temperat\u016bra: nuo \u201320 \u00b0C iki +45 \u00b0C Maitinimo laido ilgis: 150 cm Laido ilgis I\u0161vestis: 64 cm Apsauga: atvirk\u0161tinis poli\u0161kumas, trumpasis jungimas, perkaitimas, perkrova Specialios savyb\u0117s: Remonto funkcija, re\u017eimo atmintis, automatinis \u017eiemos\/vasaros re\u017eimas, MODE mygtuko u\u017eraktas<\/p>","protected":false},"excerpt":{"rendered":"<p>Automatinis akumuliatori\u0173 \u012fkroviklis su remonto funkcija 12V 8A<\/p>","protected":false},"featured_media":428693,"comment_status":"open","ping_status":"open","template":"","meta":[],"product_cat":[9881],"product_tag":[9810],"class_list":{"0":"post-428691","1":"product","2":"type-product","3":"status-publish","4":"has-post-thumbnail","6":"product_brand-geko-lenkija","7":"product_cat-ikrovikliai-akumuliatoriams-akumuliatoriu-testeriai","8":"product_tag-geko-lenkija","10":"first","11":"outofstock","12":"purchasable","13":"product-type-simple"},"jetpack_sharing_enabled":true,"_links":{"self":[{"href":"https:\/\/irankiuzona.lt\/ru\/wp-json\/wp\/v2\/product\/428691","targetHints":{"allow":["GET"]}}],"collection":[{"href":"https:\/\/irankiuzona.lt\/ru\/wp-json\/wp\/v2\/product"}],"about":[{"href":"https:\/\/irankiuzona.lt\/ru\/wp-json\/wp\/v2\/types\/product"}],"replies":[{"embeddable":true,"href":"https:\/\/irankiuzona.lt\/ru\/wp-json\/wp\/v2\/comments?post=428691"}],"version-history":[{"count":1,"href":"https:\/\/irankiuzona.lt\/ru\/wp-json\/wp\/v2\/product\/428691\/revisions"}],"predecessor-version":[{"id":428692,"href":"https:\/\/irankiuzona.lt\/ru\/wp-json\/wp\/v2\/product\/428691\/revisions\/428692"}],"wp:featuredmedia":[{"embeddable":true,"href":"https:\/\/irankiuzona.lt\/ru\/wp-json\/wp\/v2\/media\/428693"}],"wp:attachment":[{"href":"https:\/\/irankiuzona.lt\/ru\/wp-json\/wp\/v2\/media?parent=428691"}],"wp:term":[{"taxonomy":"product_cat","embeddable":true,"href":"https:\/\/irankiuzona.lt\/ru\/wp-json\/wp\/v2\/product_cat?post=428691"},{"taxonomy":"product_tag","embeddable":true,"href":"https:\/\/irankiuzona.lt\/ru\/wp-json\/wp\/v2\/product_tag?post=428691"}],"curies":[{"name":"wp","href":"https:\/\/api.w.org\/{rel}","templated":true}]}}