{"id":428697,"date":"2025-12-14T13:48:59","date_gmt":"2025-12-14T13:48:59","guid":{"rendered":"https:\/\/irankiuzona.lt\/product\/darbastalis-mediniu-stalv-su-perf-sienele\/"},"modified":"2026-04-14T11:09:43","modified_gmt":"2026-04-14T11:09:43","slug":"darbastalis-mediniu-stalv-su-perf-sienele","status":"publish","type":"product","link":"https:\/\/irankiuzona.lt\/ru\/product\/darbastalis-mediniu-stalv-su-perf-sienele\/","title":{"rendered":"Darbastalis mediniu stalv. su perf. sienele"},"content":{"rendered":"<p>Mobilus metalinis darbastalis 485x1480x2130 mm (perforacija: 530&#215;2130 mm, medinis stalvir\u0161is: 40x485x2130 mm, vien\u0173 dur\u0173 spintel\u0117: 460x590x680 mm)<\/p>","protected":false},"excerpt":{"rendered":"<p>Mobilus metalinis darbastalis<\/p>","protected":false},"featured_media":428699,"comment_status":"open","ping_status":"open","template":"","meta":[],"product_cat":[9943],"product_tag":[],"class_list":{"0":"post-428697","1":"product","2":"type-product","3":"status-publish","4":"has-post-thumbnail","6":"product_cat-vezimeliai-irankiu-spintos","8":"first","9":"outofstock","10":"purchasable","11":"product-type-simple"},"jetpack_sharing_enabled":true,"_links":{"self":[{"href":"https:\/\/irankiuzona.lt\/ru\/wp-json\/wp\/v2\/product\/428697","targetHints":{"allow":["GET"]}}],"collection":[{"href":"https:\/\/irankiuzona.lt\/ru\/wp-json\/wp\/v2\/product"}],"about":[{"href":"https:\/\/irankiuzona.lt\/ru\/wp-json\/wp\/v2\/types\/product"}],"replies":[{"embeddable":true,"href":"https:\/\/irankiuzona.lt\/ru\/wp-json\/wp\/v2\/comments?post=428697"}],"version-history":[{"count":1,"href":"https:\/\/irankiuzona.lt\/ru\/wp-json\/wp\/v2\/product\/428697\/revisions"}],"predecessor-version":[{"id":428698,"href":"https:\/\/irankiuzona.lt\/ru\/wp-json\/wp\/v2\/product\/428697\/revisions\/428698"}],"wp:featuredmedia":[{"embeddable":true,"href":"https:\/\/irankiuzona.lt\/ru\/wp-json\/wp\/v2\/media\/428699"}],"wp:attachment":[{"href":"https:\/\/irankiuzona.lt\/ru\/wp-json\/wp\/v2\/media?parent=428697"}],"wp:term":[{"taxonomy":"product_cat","embeddable":true,"href":"https:\/\/irankiuzona.lt\/ru\/wp-json\/wp\/v2\/product_cat?post=428697"},{"taxonomy":"product_tag","embeddable":true,"href":"https:\/\/irankiuzona.lt\/ru\/wp-json\/wp\/v2\/product_tag?post=428697"}],"curies":[{"name":"wp","href":"https:\/\/api.w.org\/{rel}","templated":true}]}}