{"id":428700,"date":"2025-12-14T13:49:04","date_gmt":"2025-12-14T13:49:04","guid":{"rendered":"https:\/\/irankiuzona.lt\/product\/diskas-slifavimo-1256-022mm-2\/"},"modified":"2026-04-14T07:53:04","modified_gmt":"2026-04-14T07:53:04","slug":"diskas-slifavimo-1256-022mm-2","status":"publish","type":"product","link":"https:\/\/irankiuzona.lt\/ru\/product\/diskas-slifavimo-1256-022mm-2\/","title":{"rendered":"Diskas \u0161lifavimo 125*6.0*22mm"},"content":{"rendered":"<p>Didelis \u0161alinimo paj\u0117gumas. Ilgas tarnavimo laikas. Greita ir paprasta naudoti.<\/p>\n<p>125<br \/>\n22,23<br \/>\n6,0<br \/>\n12250<br \/>\n80<br \/>\nF27<\/p>","protected":false},"excerpt":{"rendered":"<p>Didelis \u0161alinimo paj\u0117gumas<\/p>","protected":false},"featured_media":428702,"comment_status":"open","ping_status":"open","template":"","meta":[],"product_cat":[10014],"product_tag":[9478],"class_list":{"0":"post-428700","1":"product","2":"type-product","3":"status-publish","4":"has-post-thumbnail","6":"product_brand-leman-prancuzija","7":"product_cat-pjovimo-slifavimo-diskai","8":"product_tag-leman-prancuzija","10":"first","11":"instock","12":"purchasable","13":"product-type-simple"},"jetpack_sharing_enabled":true,"_links":{"self":[{"href":"https:\/\/irankiuzona.lt\/ru\/wp-json\/wp\/v2\/product\/428700","targetHints":{"allow":["GET"]}}],"collection":[{"href":"https:\/\/irankiuzona.lt\/ru\/wp-json\/wp\/v2\/product"}],"about":[{"href":"https:\/\/irankiuzona.lt\/ru\/wp-json\/wp\/v2\/types\/product"}],"replies":[{"embeddable":true,"href":"https:\/\/irankiuzona.lt\/ru\/wp-json\/wp\/v2\/comments?post=428700"}],"version-history":[{"count":1,"href":"https:\/\/irankiuzona.lt\/ru\/wp-json\/wp\/v2\/product\/428700\/revisions"}],"predecessor-version":[{"id":428701,"href":"https:\/\/irankiuzona.lt\/ru\/wp-json\/wp\/v2\/product\/428700\/revisions\/428701"}],"wp:featuredmedia":[{"embeddable":true,"href":"https:\/\/irankiuzona.lt\/ru\/wp-json\/wp\/v2\/media\/428702"}],"wp:attachment":[{"href":"https:\/\/irankiuzona.lt\/ru\/wp-json\/wp\/v2\/media?parent=428700"}],"wp:term":[{"taxonomy":"product_cat","embeddable":true,"href":"https:\/\/irankiuzona.lt\/ru\/wp-json\/wp\/v2\/product_cat?post=428700"},{"taxonomy":"product_tag","embeddable":true,"href":"https:\/\/irankiuzona.lt\/ru\/wp-json\/wp\/v2\/product_tag?post=428700"}],"curies":[{"name":"wp","href":"https:\/\/api.w.org\/{rel}","templated":true}]}}