{"id":428703,"date":"2025-12-14T13:49:06","date_gmt":"2025-12-14T13:49:06","guid":{"rendered":"https:\/\/irankiuzona.lt\/product\/zvakes-sriegio-atstatymo-kompl-m14\/"},"modified":"2026-04-14T05:04:58","modified_gmt":"2026-04-14T05:04:58","slug":"zvakes-sriegio-atstatymo-kompl-m14","status":"publish","type":"product","link":"https:\/\/irankiuzona.lt\/ru\/product\/zvakes-sriegio-atstatymo-kompl-m14\/","title":{"rendered":"\u017dvak\u0117s sriegio atstatymo kompl. M14"},"content":{"rendered":"<p>4 \u012fvor\u0117s, kuri\u0173 dydis 14 mm, ilgiai: 3\/8 colio (9,5 mm), 7\/16 colio (11,5 mm), 1\/2 colio (12,7 mm), 3\/4 colio (19 mm) gr\u016bdinto plieno sriegiklis<\/p>","protected":false},"excerpt":{"rendered":"<p>Sriegio ir u\u017edegimo \u017evak\u0117s remonto rinkinys<\/p>","protected":false},"featured_media":428705,"comment_status":"open","ping_status":"open","template":"","meta":[],"product_cat":[9686],"product_tag":[9810],"class_list":{"0":"post-428703","1":"product","2":"type-product","3":"status-publish","4":"has-post-thumbnail","6":"product_brand-geko-lenkija","7":"product_cat-sriegiai-ivores-zvakems","8":"product_tag-geko-lenkija","10":"first","11":"outofstock","12":"purchasable","13":"product-type-simple"},"jetpack_sharing_enabled":true,"_links":{"self":[{"href":"https:\/\/irankiuzona.lt\/ru\/wp-json\/wp\/v2\/product\/428703","targetHints":{"allow":["GET"]}}],"collection":[{"href":"https:\/\/irankiuzona.lt\/ru\/wp-json\/wp\/v2\/product"}],"about":[{"href":"https:\/\/irankiuzona.lt\/ru\/wp-json\/wp\/v2\/types\/product"}],"replies":[{"embeddable":true,"href":"https:\/\/irankiuzona.lt\/ru\/wp-json\/wp\/v2\/comments?post=428703"}],"version-history":[{"count":1,"href":"https:\/\/irankiuzona.lt\/ru\/wp-json\/wp\/v2\/product\/428703\/revisions"}],"predecessor-version":[{"id":428704,"href":"https:\/\/irankiuzona.lt\/ru\/wp-json\/wp\/v2\/product\/428703\/revisions\/428704"}],"wp:featuredmedia":[{"embeddable":true,"href":"https:\/\/irankiuzona.lt\/ru\/wp-json\/wp\/v2\/media\/428705"}],"wp:attachment":[{"href":"https:\/\/irankiuzona.lt\/ru\/wp-json\/wp\/v2\/media?parent=428703"}],"wp:term":[{"taxonomy":"product_cat","embeddable":true,"href":"https:\/\/irankiuzona.lt\/ru\/wp-json\/wp\/v2\/product_cat?post=428703"},{"taxonomy":"product_tag","embeddable":true,"href":"https:\/\/irankiuzona.lt\/ru\/wp-json\/wp\/v2\/product_tag?post=428703"}],"curies":[{"name":"wp","href":"https:\/\/api.w.org\/{rel}","templated":true}]}}