{"id":428706,"date":"2025-12-14T13:49:11","date_gmt":"2025-12-14T13:49:11","guid":{"rendered":"https:\/\/irankiuzona.lt\/product\/hidraulinis-presas-20t-su-manometru-ir-pompa\/"},"modified":"2026-04-14T06:51:19","modified_gmt":"2026-04-14T06:51:19","slug":"hidraulinis-presas-20t-su-manometru-ir-pompa","status":"publish","type":"product","link":"https:\/\/irankiuzona.lt\/ru\/product\/hidraulinis-presas-20t-su-manometru-ir-pompa\/","title":{"rendered":"Hidraulinis presas 20T su manometru ir pompa"},"content":{"rendered":"<p>20T sl\u0117gis<br \/>\nDidel\u0117s galios hidraulin\u0117-pneumatin\u0117 pavara su tiksliu valdymu Darbinis diapazonas 0\u20131035 mm 8 darbiniai lygiai 2 pagrindai, kuri\u0173 matmenys 192 mm x 100 mm x 25 mm<br \/>\nTarpas tarp profili\u0173 540 mm Auk\u0161tos kokyb\u0117s plienas CE sertifikatas preso_matmenys<br \/>\nMatmenys A B C D E F 1780 mm 255 mm 0\u20131035 mm 120 mm 540 mm 730 mm G H I J K L 1510 mm 100 mm 700 mm 55 mm 120 mm 640 mm<\/p>","protected":false},"excerpt":{"rendered":"<p>20T hidraulinis-pneumatinis presas<\/p>","protected":false},"featured_media":428708,"comment_status":"open","ping_status":"open","template":"","meta":[],"product_cat":[9946],"product_tag":[9810],"class_list":{"0":"post-428706","1":"product","2":"type-product","3":"status-publish","4":"has-post-thumbnail","6":"product_brand-geko-lenkija","7":"product_cat-hidrauliniai-presai","8":"product_tag-geko-lenkija","10":"first","11":"instock","12":"purchasable","13":"product-type-simple"},"jetpack_sharing_enabled":true,"_links":{"self":[{"href":"https:\/\/irankiuzona.lt\/ru\/wp-json\/wp\/v2\/product\/428706","targetHints":{"allow":["GET"]}}],"collection":[{"href":"https:\/\/irankiuzona.lt\/ru\/wp-json\/wp\/v2\/product"}],"about":[{"href":"https:\/\/irankiuzona.lt\/ru\/wp-json\/wp\/v2\/types\/product"}],"replies":[{"embeddable":true,"href":"https:\/\/irankiuzona.lt\/ru\/wp-json\/wp\/v2\/comments?post=428706"}],"version-history":[{"count":1,"href":"https:\/\/irankiuzona.lt\/ru\/wp-json\/wp\/v2\/product\/428706\/revisions"}],"predecessor-version":[{"id":428707,"href":"https:\/\/irankiuzona.lt\/ru\/wp-json\/wp\/v2\/product\/428706\/revisions\/428707"}],"wp:featuredmedia":[{"embeddable":true,"href":"https:\/\/irankiuzona.lt\/ru\/wp-json\/wp\/v2\/media\/428708"}],"wp:attachment":[{"href":"https:\/\/irankiuzona.lt\/ru\/wp-json\/wp\/v2\/media?parent=428706"}],"wp:term":[{"taxonomy":"product_cat","embeddable":true,"href":"https:\/\/irankiuzona.lt\/ru\/wp-json\/wp\/v2\/product_cat?post=428706"},{"taxonomy":"product_tag","embeddable":true,"href":"https:\/\/irankiuzona.lt\/ru\/wp-json\/wp\/v2\/product_tag?post=428706"}],"curies":[{"name":"wp","href":"https:\/\/api.w.org\/{rel}","templated":true}]}}