{"id":428712,"date":"2025-12-14T13:49:23","date_gmt":"2025-12-14T13:49:23","guid":{"rendered":"https:\/\/irankiuzona.lt\/product\/potinkinis-laidu-ieskiklis-profi\/"},"modified":"2026-04-14T18:59:22","modified_gmt":"2026-04-14T18:59:22","slug":"potinkinis-laidu-ieskiklis-profi","status":"publish","type":"product","link":"https:\/\/irankiuzona.lt\/ru\/product\/potinkinis-laidu-ieskiklis-profi\/","title":{"rendered":"Potinkinis laid\u0173 ie\u0161kiklis Profi"},"content":{"rendered":"<p>Daugiafunkcinis veikimas ir tikslumas<br \/>\nDetektorius leid\u017eia tiksliai aptikti \u012fvairias med\u017eiagas sienose:<br \/>\n Juoduosius ir spalvotuosius metalus (pvz., plien\u0105, var\u012f) \u2013 iki 120 mm gylio Varinius vamzd\u017eius \u2013 iki 100 mm Kintamosios srov\u0117s kabelius \u2013 iki 50 mm Nuolatin\u0117s srov\u0117s kabelius \u2013 iki 40 mm Medinius elementus \u2013 iki 38 mm, su dviem re\u017eimais:<br \/>\n Tikslus re\u017eimas (iki 20 mm) Gilus re\u017eimas (iki 38 mm) Tai suteikia jums visi\u0161k\u0105 kontrol\u0119 to, kas pasl\u0117pta po sien\u0173, grind\u0173 ir lub\u0173 pavir\u0161iumi.<br \/>\n Pa\u017eangus LCD ekranas su foniniu ap\u0161vietimu Skaidus, ap\u0161viestas LCD ekranas leid\u017eia lengvai nuskaityti rodmenis net tamsiose patalpose.<br \/>\n Ekrane rodoma: Aptikto objekto signalo stiprumas (%), numatoma gylio informacija, tiksli aptikto objekto vieta (\u201ecentro\u201c indikatorius), akumuliatoriaus \u012fkrovos lygis ir veikimo re\u017eimas. Paruo\u0161tas naudoti i\u0161 karto i\u0161pakavus Komplekte yra 9 V (6F22) baterija ir apsauginis d\u0117klas, tod\u0117l galite nedelsdami prad\u0117ti dirbti ir saugiai laikyti \u012frengin\u012f po naudojimo. Komplekte yra: Skaitmeninis sieninis detektorius 6F22 9 V baterija Apsauginis d\u0117klas su lipdukais Naudojimo instrukcija<\/p>","protected":false},"excerpt":{"rendered":"<p>PROFI metalo, vielos ir profilio detektorius<\/p>","protected":false},"featured_media":428714,"comment_status":"open","ping_status":"open","template":"","meta":[],"product_cat":[9679],"product_tag":[9810],"class_list":{"0":"post-428712","1":"product","2":"type-product","3":"status-publish","4":"has-post-thumbnail","6":"product_brand-geko-lenkija","7":"product_cat-elektriko-testeriai-ivairus-matuokliai","8":"product_tag-geko-lenkija","10":"first","11":"outofstock","12":"purchasable","13":"product-type-simple"},"jetpack_sharing_enabled":true,"_links":{"self":[{"href":"https:\/\/irankiuzona.lt\/ru\/wp-json\/wp\/v2\/product\/428712","targetHints":{"allow":["GET"]}}],"collection":[{"href":"https:\/\/irankiuzona.lt\/ru\/wp-json\/wp\/v2\/product"}],"about":[{"href":"https:\/\/irankiuzona.lt\/ru\/wp-json\/wp\/v2\/types\/product"}],"replies":[{"embeddable":true,"href":"https:\/\/irankiuzona.lt\/ru\/wp-json\/wp\/v2\/comments?post=428712"}],"version-history":[{"count":1,"href":"https:\/\/irankiuzona.lt\/ru\/wp-json\/wp\/v2\/product\/428712\/revisions"}],"predecessor-version":[{"id":428713,"href":"https:\/\/irankiuzona.lt\/ru\/wp-json\/wp\/v2\/product\/428712\/revisions\/428713"}],"wp:featuredmedia":[{"embeddable":true,"href":"https:\/\/irankiuzona.lt\/ru\/wp-json\/wp\/v2\/media\/428714"}],"wp:attachment":[{"href":"https:\/\/irankiuzona.lt\/ru\/wp-json\/wp\/v2\/media?parent=428712"}],"wp:term":[{"taxonomy":"product_cat","embeddable":true,"href":"https:\/\/irankiuzona.lt\/ru\/wp-json\/wp\/v2\/product_cat?post=428712"},{"taxonomy":"product_tag","embeddable":true,"href":"https:\/\/irankiuzona.lt\/ru\/wp-json\/wp\/v2\/product_tag?post=428712"}],"curies":[{"name":"wp","href":"https:\/\/api.w.org\/{rel}","templated":true}]}}