{"id":428715,"date":"2025-12-14T13:49:31","date_gmt":"2025-12-14T13:49:31","guid":{"rendered":"https:\/\/irankiuzona.lt\/product\/beinercinis-neatsokantis-plaktukas-900g\/"},"modified":"2026-04-14T18:59:22","modified_gmt":"2026-04-14T18:59:22","slug":"beinercinis-neatsokantis-plaktukas-900g","status":"publish","type":"product","link":"https:\/\/irankiuzona.lt\/ru\/product\/beinercinis-neatsokantis-plaktukas-900g\/","title":{"rendered":"Beinercinis neat\u0161okantis plaktukas 900g"},"content":{"rendered":"<p>Plaktuko ilgis: 34 cm Galvut\u0117s skersmuo: 5,3 cm Galvut\u0117s plotis: 10 cm Laisvas sm\u016bgis galvut\u0117s viduje pa\u0161alina plaktuko at\u0161okimo poveik\u012f med\u017eiagai<\/p>","protected":false},"excerpt":{"rendered":"<p>Guminis plaktukas, be atatrankos, 53 mm, 900 g<\/p>","protected":false},"featured_media":428717,"comment_status":"open","ping_status":"open","template":"","meta":[],"product_cat":[9974],"product_tag":[9810],"class_list":{"0":"post-428715","1":"product","2":"type-product","3":"status-publish","4":"has-post-thumbnail","6":"product_brand-geko-lenkija","7":"product_cat-beinerciniai-neatsokantys-plaktukai","8":"product_tag-geko-lenkija","10":"first","11":"outofstock","12":"purchasable","13":"product-type-simple"},"jetpack_sharing_enabled":true,"_links":{"self":[{"href":"https:\/\/irankiuzona.lt\/ru\/wp-json\/wp\/v2\/product\/428715","targetHints":{"allow":["GET"]}}],"collection":[{"href":"https:\/\/irankiuzona.lt\/ru\/wp-json\/wp\/v2\/product"}],"about":[{"href":"https:\/\/irankiuzona.lt\/ru\/wp-json\/wp\/v2\/types\/product"}],"replies":[{"embeddable":true,"href":"https:\/\/irankiuzona.lt\/ru\/wp-json\/wp\/v2\/comments?post=428715"}],"version-history":[{"count":1,"href":"https:\/\/irankiuzona.lt\/ru\/wp-json\/wp\/v2\/product\/428715\/revisions"}],"predecessor-version":[{"id":428716,"href":"https:\/\/irankiuzona.lt\/ru\/wp-json\/wp\/v2\/product\/428715\/revisions\/428716"}],"wp:featuredmedia":[{"embeddable":true,"href":"https:\/\/irankiuzona.lt\/ru\/wp-json\/wp\/v2\/media\/428717"}],"wp:attachment":[{"href":"https:\/\/irankiuzona.lt\/ru\/wp-json\/wp\/v2\/media?parent=428715"}],"wp:term":[{"taxonomy":"product_cat","embeddable":true,"href":"https:\/\/irankiuzona.lt\/ru\/wp-json\/wp\/v2\/product_cat?post=428715"},{"taxonomy":"product_tag","embeddable":true,"href":"https:\/\/irankiuzona.lt\/ru\/wp-json\/wp\/v2\/product_tag?post=428715"}],"curies":[{"name":"wp","href":"https:\/\/api.w.org\/{rel}","templated":true}]}}