{"id":428736,"date":"2025-12-14T13:50:07","date_gmt":"2025-12-14T13:50:07","guid":{"rendered":"https:\/\/irankiuzona.lt\/product\/domkratas-pneumatinis-ant-oro-pagalviu-3t\/"},"modified":"2026-04-16T12:36:49","modified_gmt":"2026-04-16T12:36:49","slug":"domkratas-pneumatinis-ant-oro-pagalviu-3t","status":"publish","type":"product","link":"https:\/\/irankiuzona.lt\/ru\/product\/domkratas-pneumatinis-ant-oro-pagalviu-3t\/","title":{"rendered":"Domkratas pneumatinis ant oro pagalvi\u0173 3T"},"content":{"rendered":"<p>Pneumatinis domkratas, 3 t (4-8 bar, min. auk\u0161tis 135 mm, maks. auk\u0161tis 400 mm, 3 pagalv\u0117l\u0117s, \u00d8250 mm)<\/p>","protected":false},"excerpt":{"rendered":"<p>3 t (4-8 bar, min. auk\u0161tis 135 mm, maks. auk\u0161tis 400 mm<\/p>","protected":false},"featured_media":428738,"comment_status":"open","ping_status":"closed","template":"","meta":[],"product_cat":[10056],"product_tag":[],"class_list":{"0":"post-428736","1":"product","2":"type-product","3":"status-publish","4":"has-post-thumbnail","6":"product_cat-domkratai-su-oro-pagalvemis","8":"first","9":"instock","10":"purchasable","11":"product-type-simple"},"jetpack_sharing_enabled":true,"_links":{"self":[{"href":"https:\/\/irankiuzona.lt\/ru\/wp-json\/wp\/v2\/product\/428736","targetHints":{"allow":["GET"]}}],"collection":[{"href":"https:\/\/irankiuzona.lt\/ru\/wp-json\/wp\/v2\/product"}],"about":[{"href":"https:\/\/irankiuzona.lt\/ru\/wp-json\/wp\/v2\/types\/product"}],"replies":[{"embeddable":true,"href":"https:\/\/irankiuzona.lt\/ru\/wp-json\/wp\/v2\/comments?post=428736"}],"version-history":[{"count":1,"href":"https:\/\/irankiuzona.lt\/ru\/wp-json\/wp\/v2\/product\/428736\/revisions"}],"predecessor-version":[{"id":428737,"href":"https:\/\/irankiuzona.lt\/ru\/wp-json\/wp\/v2\/product\/428736\/revisions\/428737"}],"wp:featuredmedia":[{"embeddable":true,"href":"https:\/\/irankiuzona.lt\/ru\/wp-json\/wp\/v2\/media\/428738"}],"wp:attachment":[{"href":"https:\/\/irankiuzona.lt\/ru\/wp-json\/wp\/v2\/media?parent=428736"}],"wp:term":[{"taxonomy":"product_cat","embeddable":true,"href":"https:\/\/irankiuzona.lt\/ru\/wp-json\/wp\/v2\/product_cat?post=428736"},{"taxonomy":"product_tag","embeddable":true,"href":"https:\/\/irankiuzona.lt\/ru\/wp-json\/wp\/v2\/product_tag?post=428736"}],"curies":[{"name":"wp","href":"https:\/\/api.w.org\/{rel}","templated":true}]}}