{"id":428739,"date":"2025-12-14T13:50:10","date_gmt":"2025-12-14T13:50:10","guid":{"rendered":"https:\/\/irankiuzona.lt\/product\/smuginiu-1-2-ilgu-galvu-kompl-ratams-17-19-21mm\/"},"modified":"2026-04-16T21:03:57","modified_gmt":"2026-04-16T21:03:57","slug":"smuginiu-1-2-ilgu-galvu-kompl-ratams-17-19-21mm","status":"publish","type":"product","link":"https:\/\/irankiuzona.lt\/ru\/product\/smuginiu-1-2-ilgu-galvu-kompl-ratams-17-19-21mm\/","title":{"rendered":"Sm\u016bgini\u0173 1\/2 ilg\u0173 galv\u0173 kompl. ratams 17-19-21mm"},"content":{"rendered":"<p>3 plonasieni\u0173 sm\u016bgini\u0173 galvu\u010di\u0173 rinkinys, 1\/2&#8221;6.K (17, 19, 21 mm)<\/p>","protected":false},"excerpt":{"rendered":"<p>1\/2&#8221;6.K (17, 19, 21 mm)<\/p>","protected":false},"featured_media":428741,"comment_status":"open","ping_status":"open","template":"","meta":[],"product_cat":[9492],"product_tag":[],"class_list":{"0":"post-428739","1":"product","2":"type-product","3":"status-publish","4":"has-post-thumbnail","6":"product_cat-ratu-varztams-galvutes-raktai-sepeciai","8":"first","9":"instock","10":"purchasable","11":"product-type-simple"},"jetpack_sharing_enabled":true,"_links":{"self":[{"href":"https:\/\/irankiuzona.lt\/ru\/wp-json\/wp\/v2\/product\/428739","targetHints":{"allow":["GET"]}}],"collection":[{"href":"https:\/\/irankiuzona.lt\/ru\/wp-json\/wp\/v2\/product"}],"about":[{"href":"https:\/\/irankiuzona.lt\/ru\/wp-json\/wp\/v2\/types\/product"}],"replies":[{"embeddable":true,"href":"https:\/\/irankiuzona.lt\/ru\/wp-json\/wp\/v2\/comments?post=428739"}],"version-history":[{"count":1,"href":"https:\/\/irankiuzona.lt\/ru\/wp-json\/wp\/v2\/product\/428739\/revisions"}],"predecessor-version":[{"id":428740,"href":"https:\/\/irankiuzona.lt\/ru\/wp-json\/wp\/v2\/product\/428739\/revisions\/428740"}],"wp:featuredmedia":[{"embeddable":true,"href":"https:\/\/irankiuzona.lt\/ru\/wp-json\/wp\/v2\/media\/428741"}],"wp:attachment":[{"href":"https:\/\/irankiuzona.lt\/ru\/wp-json\/wp\/v2\/media?parent=428739"}],"wp:term":[{"taxonomy":"product_cat","embeddable":true,"href":"https:\/\/irankiuzona.lt\/ru\/wp-json\/wp\/v2\/product_cat?post=428739"},{"taxonomy":"product_tag","embeddable":true,"href":"https:\/\/irankiuzona.lt\/ru\/wp-json\/wp\/v2\/product_tag?post=428739"}],"curies":[{"name":"wp","href":"https:\/\/api.w.org\/{rel}","templated":true}]}}