{"id":428742,"date":"2025-12-14T13:50:17","date_gmt":"2025-12-14T13:50:17","guid":{"rendered":"https:\/\/irankiuzona.lt\/product\/graztai-pakopiniai-3vnt-3\/"},"modified":"2026-04-16T23:21:56","modified_gmt":"2026-04-16T23:21:56","slug":"graztai-pakopiniai-3vnt-3","status":"publish","type":"product","link":"https:\/\/irankiuzona.lt\/ru\/product\/graztai-pakopiniai-3vnt-3\/","title":{"rendered":"Gr\u0105\u017etai pakopiniai 3vnt.+3"},"content":{"rendered":"<p>3 vnt pakopini\u0173 gr\u0105\u017et\u0173:<br \/>\n4\u201312: 4, 5, 6, 7, 8, 9, 10, 11, 12<br \/>\n4\u201320: 4, 6, 8, 10, 12, 14, 16, 18, 20.<br \/>\n4\u201330: 4, 6, 8, 10, 12, 14, 16, 18, 20, 22, 24, 26, 28, 30.<br \/>\n3vnt frezavimo gra\u017etai: 3, 6, 8 mm<\/p>","protected":false},"excerpt":{"rendered":"<p>Metalo gr\u0105\u017et\u0173 rinkinys, 6 vnt.<\/p>","protected":false},"featured_media":428744,"comment_status":"open","ping_status":"open","template":"","meta":[],"product_cat":[11018],"product_tag":[],"class_list":{"0":"post-428742","1":"product","2":"type-product","3":"status-publish","4":"has-post-thumbnail","6":"product_cat-pakopiniai-graztai-ju-komplektai","8":"first","9":"instock","10":"purchasable","11":"product-type-simple"},"jetpack_sharing_enabled":true,"_links":{"self":[{"href":"https:\/\/irankiuzona.lt\/ru\/wp-json\/wp\/v2\/product\/428742","targetHints":{"allow":["GET"]}}],"collection":[{"href":"https:\/\/irankiuzona.lt\/ru\/wp-json\/wp\/v2\/product"}],"about":[{"href":"https:\/\/irankiuzona.lt\/ru\/wp-json\/wp\/v2\/types\/product"}],"replies":[{"embeddable":true,"href":"https:\/\/irankiuzona.lt\/ru\/wp-json\/wp\/v2\/comments?post=428742"}],"version-history":[{"count":1,"href":"https:\/\/irankiuzona.lt\/ru\/wp-json\/wp\/v2\/product\/428742\/revisions"}],"predecessor-version":[{"id":428743,"href":"https:\/\/irankiuzona.lt\/ru\/wp-json\/wp\/v2\/product\/428742\/revisions\/428743"}],"wp:featuredmedia":[{"embeddable":true,"href":"https:\/\/irankiuzona.lt\/ru\/wp-json\/wp\/v2\/media\/428744"}],"wp:attachment":[{"href":"https:\/\/irankiuzona.lt\/ru\/wp-json\/wp\/v2\/media?parent=428742"}],"wp:term":[{"taxonomy":"product_cat","embeddable":true,"href":"https:\/\/irankiuzona.lt\/ru\/wp-json\/wp\/v2\/product_cat?post=428742"},{"taxonomy":"product_tag","embeddable":true,"href":"https:\/\/irankiuzona.lt\/ru\/wp-json\/wp\/v2\/product_tag?post=428742"}],"curies":[{"name":"wp","href":"https:\/\/api.w.org\/{rel}","templated":true}]}}