{"id":428754,"date":"2025-12-14T13:50:43","date_gmt":"2025-12-14T13:50:43","guid":{"rendered":"https:\/\/irankiuzona.lt\/product\/pjovimo-diskas-medziui-su-vinims-o76x10mm\/"},"modified":"2026-04-17T05:03:59","modified_gmt":"2026-04-17T05:03:59","slug":"pjovimo-diskas-medziui-su-vinims-o76x10mm","status":"publish","type":"product","link":"https:\/\/irankiuzona.lt\/ru\/product\/pjovimo-diskas-medziui-su-vinims-o76x10mm\/","title":{"rendered":"Pjovimo diskas med\u017eiui su vinims \u00f876x10mm"},"content":{"rendered":"<p>Pritaikymas: Medienai su metaliniais elementais pjauti Papildoma informacija: Greitis 20 000 aps.\/min. Sausas pjovimas Apra\u0161ymas: Labai tvirtas ir ilgaam\u017eis \u201eDrel\u201c karbido dantukais dengtas pjovimo a\u0161menys, skirti vinimis \u012fkaltai medienai ir PVC pjauti, 76 mm dyd\u017eio. Skirti naudoti su vis\u0173 tip\u0173 mini pj\u016bklais, esan\u010diais rinkoje. \u0160is a\u0161menys skirti medienai ir visoms \u012f medien\u0105 pana\u0161ioms med\u017eiagoms, \u012fskaitant faner\u0105, lentas, grind\u0173 plok\u0161tes, europinius pad\u0117klus, klojinius, pjauti, taip pat medin\u0117ms konstrukcijoms ar \u0161akoms, kuriose gali b\u016bti metalini\u0173 element\u0173, toki\u0173 kaip vinys, var\u017etai, metalin\u0117s s\u0105var\u017e\u0117l\u0117s ir kt., griauti. Jis skirtas labai dideliam sukimosi grei\u010diui, u\u017etikrinant lengv\u0105 ir greit\u0105 pjovim\u0105<\/p>","protected":false},"excerpt":{"rendered":"<p>Diskinio pj\u016bklo diskas mini pj\u016bklui 76 x 10 mm, su kietmetalio antgaliais, universalus<\/p>","protected":false},"featured_media":428756,"comment_status":"open","ping_status":"open","template":"","meta":[],"product_cat":[10014],"product_tag":[9646],"class_list":{"0":"post-428754","1":"product","2":"type-product","3":"status-publish","4":"has-post-thumbnail","6":"product_brand-drel-lenkija","7":"product_cat-pjovimo-slifavimo-diskai","8":"product_tag-drel-lenkija","10":"first","11":"instock","12":"purchasable","13":"product-type-simple"},"jetpack_sharing_enabled":true,"_links":{"self":[{"href":"https:\/\/irankiuzona.lt\/ru\/wp-json\/wp\/v2\/product\/428754","targetHints":{"allow":["GET"]}}],"collection":[{"href":"https:\/\/irankiuzona.lt\/ru\/wp-json\/wp\/v2\/product"}],"about":[{"href":"https:\/\/irankiuzona.lt\/ru\/wp-json\/wp\/v2\/types\/product"}],"replies":[{"embeddable":true,"href":"https:\/\/irankiuzona.lt\/ru\/wp-json\/wp\/v2\/comments?post=428754"}],"version-history":[{"count":1,"href":"https:\/\/irankiuzona.lt\/ru\/wp-json\/wp\/v2\/product\/428754\/revisions"}],"predecessor-version":[{"id":428755,"href":"https:\/\/irankiuzona.lt\/ru\/wp-json\/wp\/v2\/product\/428754\/revisions\/428755"}],"wp:featuredmedia":[{"embeddable":true,"href":"https:\/\/irankiuzona.lt\/ru\/wp-json\/wp\/v2\/media\/428756"}],"wp:attachment":[{"href":"https:\/\/irankiuzona.lt\/ru\/wp-json\/wp\/v2\/media?parent=428754"}],"wp:term":[{"taxonomy":"product_cat","embeddable":true,"href":"https:\/\/irankiuzona.lt\/ru\/wp-json\/wp\/v2\/product_cat?post=428754"},{"taxonomy":"product_tag","embeddable":true,"href":"https:\/\/irankiuzona.lt\/ru\/wp-json\/wp\/v2\/product_tag?post=428754"}],"curies":[{"name":"wp","href":"https:\/\/api.w.org\/{rel}","templated":true}]}}