{"id":428757,"date":"2025-12-14T13:50:48","date_gmt":"2025-12-14T13:50:48","guid":{"rendered":"https:\/\/irankiuzona.lt\/product\/antgalis-1-4-m4-spline\/"},"modified":"2026-04-17T02:41:17","modified_gmt":"2026-04-17T02:41:17","slug":"antgalis-1-4-m4-spline","status":"publish","type":"product","link":"https:\/\/irankiuzona.lt\/ru\/product\/antgalis-1-4-m4-spline\/","title":{"rendered":"Antgalis 1\/4&#8221; M4 Spline"},"content":{"rendered":"<p>Antgaliai i\u0161 S2 plieno, galvut\u0117s i\u0161 chromo-vanad\u017eio plieno su dantukais.<\/p>","protected":false},"excerpt":{"rendered":"<p>XZN antgalis 1\/4 colio galvut\u0117je<\/p>","protected":false},"featured_media":428759,"comment_status":"open","ping_status":"open","template":"","meta":[],"product_cat":[9621],"product_tag":[9778],"class_list":{"0":"post-428757","1":"product","2":"type-product","3":"status-publish","4":"has-post-thumbnail","6":"product_brand-triumf-professional-tools-slovakija","7":"product_cat-ipresuoti-spline-antgaliai","8":"product_tag-triumf-professional-tools-slovakija","10":"first","11":"instock","12":"purchasable","13":"product-type-simple"},"jetpack_sharing_enabled":true,"_links":{"self":[{"href":"https:\/\/irankiuzona.lt\/ru\/wp-json\/wp\/v2\/product\/428757","targetHints":{"allow":["GET"]}}],"collection":[{"href":"https:\/\/irankiuzona.lt\/ru\/wp-json\/wp\/v2\/product"}],"about":[{"href":"https:\/\/irankiuzona.lt\/ru\/wp-json\/wp\/v2\/types\/product"}],"replies":[{"embeddable":true,"href":"https:\/\/irankiuzona.lt\/ru\/wp-json\/wp\/v2\/comments?post=428757"}],"version-history":[{"count":1,"href":"https:\/\/irankiuzona.lt\/ru\/wp-json\/wp\/v2\/product\/428757\/revisions"}],"predecessor-version":[{"id":428758,"href":"https:\/\/irankiuzona.lt\/ru\/wp-json\/wp\/v2\/product\/428757\/revisions\/428758"}],"wp:featuredmedia":[{"embeddable":true,"href":"https:\/\/irankiuzona.lt\/ru\/wp-json\/wp\/v2\/media\/428759"}],"wp:attachment":[{"href":"https:\/\/irankiuzona.lt\/ru\/wp-json\/wp\/v2\/media?parent=428757"}],"wp:term":[{"taxonomy":"product_cat","embeddable":true,"href":"https:\/\/irankiuzona.lt\/ru\/wp-json\/wp\/v2\/product_cat?post=428757"},{"taxonomy":"product_tag","embeddable":true,"href":"https:\/\/irankiuzona.lt\/ru\/wp-json\/wp\/v2\/product_tag?post=428757"}],"curies":[{"name":"wp","href":"https:\/\/api.w.org\/{rel}","templated":true}]}}