{"id":428760,"date":"2025-12-14T13:50:50","date_gmt":"2025-12-14T13:50:50","guid":{"rendered":"https:\/\/irankiuzona.lt\/product\/graztas-pakopinis-metalui-4-50mm-15-pakopu\/"},"modified":"2026-04-17T00:06:59","modified_gmt":"2026-04-17T00:06:59","slug":"graztas-pakopinis-metalui-4-50mm-15-pakopu","status":"publish","type":"product","link":"https:\/\/irankiuzona.lt\/ru\/product\/graztas-pakopinis-metalui-4-50mm-15-pakopu\/","title":{"rendered":"Gr\u0105\u017etas pakopinis metalui 4-50mm 15 pakop\u0173"},"content":{"rendered":"<p>Naudojamas gr\u0119\u017eti nurodyto dyd\u017eio skyles lak\u0161tiniame metale, plieno profiliuose ir plastike.<br \/>\nMed\u017eiaga: greitapj\u016bvis plienas HSS4241. Gr\u016bdintas iki 60\u201363 HRC. Turi 15 pakop\u0173 konstrukcij\u0105, leid\u017eian\u010di\u0105 vienu gr\u0105\u017etu i\u0161gr\u0119\u017eti \u012fvairaus skersmens skyles.<br \/>\nPadengtas titanu. Su 3\/8 colio \u0161e\u0161iakampiu kotu.<br \/>\nDyd\u017ei\u0173 diapazonas: 4,0, 6,0, 8,0, 10,0, 12,0, 14,0, 16,0, 18,0, 20,0, 25,0, 30,0, 35,0, 40,0, 45,0, 50,0 mm.<\/p>","protected":false},"excerpt":{"rendered":"<p>Pakopinis gr\u0105\u017etas 4,0\u201350,0 mm (15 pakop\u0173, HEX3\/8&#8243; kotas)<\/p>","protected":false},"featured_media":428762,"comment_status":"open","ping_status":"closed","template":"","meta":[],"product_cat":[11018],"product_tag":[9898],"class_list":{"0":"post-428760","1":"product","2":"type-product","3":"status-publish","4":"has-post-thumbnail","6":"product_brand-avtodelo","7":"product_cat-pakopiniai-graztai-ju-komplektai","8":"product_tag-avtodelo","10":"first","11":"instock","12":"purchasable","13":"product-type-simple"},"jetpack_sharing_enabled":true,"_links":{"self":[{"href":"https:\/\/irankiuzona.lt\/ru\/wp-json\/wp\/v2\/product\/428760","targetHints":{"allow":["GET"]}}],"collection":[{"href":"https:\/\/irankiuzona.lt\/ru\/wp-json\/wp\/v2\/product"}],"about":[{"href":"https:\/\/irankiuzona.lt\/ru\/wp-json\/wp\/v2\/types\/product"}],"replies":[{"embeddable":true,"href":"https:\/\/irankiuzona.lt\/ru\/wp-json\/wp\/v2\/comments?post=428760"}],"version-history":[{"count":2,"href":"https:\/\/irankiuzona.lt\/ru\/wp-json\/wp\/v2\/product\/428760\/revisions"}],"predecessor-version":[{"id":429258,"href":"https:\/\/irankiuzona.lt\/ru\/wp-json\/wp\/v2\/product\/428760\/revisions\/429258"}],"wp:featuredmedia":[{"embeddable":true,"href":"https:\/\/irankiuzona.lt\/ru\/wp-json\/wp\/v2\/media\/428762"}],"wp:attachment":[{"href":"https:\/\/irankiuzona.lt\/ru\/wp-json\/wp\/v2\/media?parent=428760"}],"wp:term":[{"taxonomy":"product_cat","embeddable":true,"href":"https:\/\/irankiuzona.lt\/ru\/wp-json\/wp\/v2\/product_cat?post=428760"},{"taxonomy":"product_tag","embeddable":true,"href":"https:\/\/irankiuzona.lt\/ru\/wp-json\/wp\/v2\/product_tag?post=428760"}],"curies":[{"name":"wp","href":"https:\/\/api.w.org\/{rel}","templated":true}]}}