{"id":428763,"date":"2025-12-14T13:50:58","date_gmt":"2025-12-14T13:50:58","guid":{"rendered":"https:\/\/irankiuzona.lt\/product\/antgaliu-laikiklis-magnetis-kampinis-1-4-hex1-4\/"},"modified":"2026-04-17T05:04:00","modified_gmt":"2026-04-17T05:04:00","slug":"antgaliu-laikiklis-magnetis-kampinis-1-4-hex1-4","status":"publish","type":"product","link":"https:\/\/irankiuzona.lt\/ru\/product\/antgaliu-laikiklis-magnetis-kampinis-1-4-hex1-4\/","title":{"rendered":"Antgali\u0173 laikiklis magnetis kampinis 1\/4&#8221;-HEX1\/4&#8242;"},"content":{"rendered":"<p>Naudojamas kaip adapteris \u012fd\u0117klams dirbant su akumuliatoriniu atsuktuvu. \u0160altai kalintas i\u0161 CRV6150 chromo vanad\u017eio \u012frankinio plieno, su aliuminio \u012fvore. Turi 1\/4 colio i\u0161orin\u012f \u0161e\u0161iakamp\u012f ir 1\/4 colio vidin\u012f \u0161e\u0161iakamp\u012f \u012fd\u0117klams \u012fd\u0117ti. Pridedamas laikymo magnetas. Pridedamas vyris, skirtas naudoti sunkiai pasiekiamose vietose, su 30 laipsni\u0173 pasvirimo kampu.<\/p>","protected":false},"excerpt":{"rendered":"<p>Magnetinis adapterio laikiklis BIT, kampuotas-\u0161arnyrinis (BIT 1\/4&quot;>&#8211;>HEX 1\/4&quot;, L = 90 mm)<\/p>","protected":false},"featured_media":428765,"comment_status":"open","ping_status":"open","template":"","meta":[],"product_cat":[9630],"product_tag":[9898],"class_list":{"0":"post-428763","1":"product","2":"type-product","3":"status-publish","4":"has-post-thumbnail","6":"product_brand-avtodelo","7":"product_cat-antgaliuku-laikikliai-suktukui","8":"product_tag-avtodelo","10":"first","11":"instock","12":"purchasable","13":"product-type-simple"},"jetpack_sharing_enabled":true,"_links":{"self":[{"href":"https:\/\/irankiuzona.lt\/ru\/wp-json\/wp\/v2\/product\/428763","targetHints":{"allow":["GET"]}}],"collection":[{"href":"https:\/\/irankiuzona.lt\/ru\/wp-json\/wp\/v2\/product"}],"about":[{"href":"https:\/\/irankiuzona.lt\/ru\/wp-json\/wp\/v2\/types\/product"}],"replies":[{"embeddable":true,"href":"https:\/\/irankiuzona.lt\/ru\/wp-json\/wp\/v2\/comments?post=428763"}],"version-history":[{"count":1,"href":"https:\/\/irankiuzona.lt\/ru\/wp-json\/wp\/v2\/product\/428763\/revisions"}],"predecessor-version":[{"id":428764,"href":"https:\/\/irankiuzona.lt\/ru\/wp-json\/wp\/v2\/product\/428763\/revisions\/428764"}],"wp:featuredmedia":[{"embeddable":true,"href":"https:\/\/irankiuzona.lt\/ru\/wp-json\/wp\/v2\/media\/428765"}],"wp:attachment":[{"href":"https:\/\/irankiuzona.lt\/ru\/wp-json\/wp\/v2\/media?parent=428763"}],"wp:term":[{"taxonomy":"product_cat","embeddable":true,"href":"https:\/\/irankiuzona.lt\/ru\/wp-json\/wp\/v2\/product_cat?post=428763"},{"taxonomy":"product_tag","embeddable":true,"href":"https:\/\/irankiuzona.lt\/ru\/wp-json\/wp\/v2\/product_tag?post=428763"}],"curies":[{"name":"wp","href":"https:\/\/api.w.org\/{rel}","templated":true}]}}