{"id":428766,"date":"2025-12-14T13:51:02","date_gmt":"2025-12-14T13:51:02","guid":{"rendered":"https:\/\/irankiuzona.lt\/product\/adapteris-suktukui-1-2-galvutems-72mm-ilgio-3\/"},"modified":"2026-04-17T06:28:26","modified_gmt":"2026-04-17T06:28:26","slug":"adapteris-suktukui-1-2-galvutems-72mm-ilgio-3","status":"publish","type":"product","link":"https:\/\/irankiuzona.lt\/ru\/product\/adapteris-suktukui-1-2-galvutems-72mm-ilgio-3\/","title":{"rendered":"Adapteris suktukui 1\/2&#8221; galvut\u0117ms -72mm ilgio"},"content":{"rendered":"<p>Naudojamas kaip adapteris lizdin\u0117ms galvut\u0117ms ir antgaliams dirbant su akumuliatoriniu atsuktuvu.<br \/>\n Pagamintas i\u0161 50BV30 chromo vanad\u017eio \u012frankinio plieno.<br \/>\n Turi 1\/4 colio i\u0161orin\u012f \u0161e\u0161iakamp\u012f ir 1\/2 colio i\u0161orin\u012f kvadratin\u012f antgal\u012f su spyruokliniu fiksavimo rutuliu.<\/p>","protected":false},"excerpt":{"rendered":"<p>Adapterio laikiklis galvut\u0117ms ir \u012fd\u0117klams (1\/2&quot;HEX1\/4&quot;, L=73mm)<\/p>","protected":false},"featured_media":428768,"comment_status":"open","ping_status":"open","template":"","meta":[],"product_cat":[9630],"product_tag":[9898],"class_list":{"0":"post-428766","1":"product","2":"type-product","3":"status-publish","4":"has-post-thumbnail","6":"product_brand-avtodelo","7":"product_cat-antgaliuku-laikikliai-suktukui","8":"product_tag-avtodelo","10":"first","11":"instock","12":"purchasable","13":"product-type-simple"},"jetpack_sharing_enabled":true,"_links":{"self":[{"href":"https:\/\/irankiuzona.lt\/ru\/wp-json\/wp\/v2\/product\/428766","targetHints":{"allow":["GET"]}}],"collection":[{"href":"https:\/\/irankiuzona.lt\/ru\/wp-json\/wp\/v2\/product"}],"about":[{"href":"https:\/\/irankiuzona.lt\/ru\/wp-json\/wp\/v2\/types\/product"}],"replies":[{"embeddable":true,"href":"https:\/\/irankiuzona.lt\/ru\/wp-json\/wp\/v2\/comments?post=428766"}],"version-history":[{"count":1,"href":"https:\/\/irankiuzona.lt\/ru\/wp-json\/wp\/v2\/product\/428766\/revisions"}],"predecessor-version":[{"id":428767,"href":"https:\/\/irankiuzona.lt\/ru\/wp-json\/wp\/v2\/product\/428766\/revisions\/428767"}],"wp:featuredmedia":[{"embeddable":true,"href":"https:\/\/irankiuzona.lt\/ru\/wp-json\/wp\/v2\/media\/428768"}],"wp:attachment":[{"href":"https:\/\/irankiuzona.lt\/ru\/wp-json\/wp\/v2\/media?parent=428766"}],"wp:term":[{"taxonomy":"product_cat","embeddable":true,"href":"https:\/\/irankiuzona.lt\/ru\/wp-json\/wp\/v2\/product_cat?post=428766"},{"taxonomy":"product_tag","embeddable":true,"href":"https:\/\/irankiuzona.lt\/ru\/wp-json\/wp\/v2\/product_tag?post=428766"}],"curies":[{"name":"wp","href":"https:\/\/api.w.org\/{rel}","templated":true}]}}