{"id":428854,"date":"2025-12-25T03:18:17","date_gmt":"2025-12-25T03:18:17","guid":{"rendered":"https:\/\/irankiuzona.lt\/product\/laikiklis-1-4-antgaliu-lankstus-200mm-2\/"},"modified":"2026-05-14T13:18:51","modified_gmt":"2026-05-14T13:18:51","slug":"laikiklis-1-4-antgaliu-lankstus-200mm-2","status":"publish","type":"product","link":"https:\/\/irankiuzona.lt\/ru\/product\/laikiklis-1-4-antgaliu-lankstus-200mm-2\/","title":{"rendered":"Laikiklis 1\/4 antgali\u0173  lankstus 200mm"},"content":{"rendered":"<p>Lankstus antgali\u0173 laikiklis su greito keitimo griebtuvu, skirtas 1\/4 colio antgaliams, ilgis 200 mm<\/p>","protected":false},"excerpt":{"rendered":"<p>lankstus velenas su greito keitimo funkcija ir automatiniu fiksavimo \u012ftaisu naudoti su elektriniais gr\u0119\u017etuvais ir akumuliatoriniais suktuvais papildomas magnetas geresniam sukibimui<\/p>","protected":false},"featured_media":428856,"comment_status":"open","ping_status":"open","template":"","meta":[],"product_cat":[9630],"product_tag":[9462],"class_list":{"0":"post-428854","1":"product","2":"type-product","3":"status-publish","4":"has-post-thumbnail","6":"product_brand-condor-werkzeug-vokietija","7":"product_cat-antgaliuku-laikikliai-suktukui","8":"product_tag-condor-werkzeug-vokietija","10":"first","11":"instock","12":"purchasable","13":"product-type-simple"},"jetpack_sharing_enabled":true,"_links":{"self":[{"href":"https:\/\/irankiuzona.lt\/ru\/wp-json\/wp\/v2\/product\/428854","targetHints":{"allow":["GET"]}}],"collection":[{"href":"https:\/\/irankiuzona.lt\/ru\/wp-json\/wp\/v2\/product"}],"about":[{"href":"https:\/\/irankiuzona.lt\/ru\/wp-json\/wp\/v2\/types\/product"}],"replies":[{"embeddable":true,"href":"https:\/\/irankiuzona.lt\/ru\/wp-json\/wp\/v2\/comments?post=428854"}],"version-history":[{"count":1,"href":"https:\/\/irankiuzona.lt\/ru\/wp-json\/wp\/v2\/product\/428854\/revisions"}],"predecessor-version":[{"id":428855,"href":"https:\/\/irankiuzona.lt\/ru\/wp-json\/wp\/v2\/product\/428854\/revisions\/428855"}],"wp:featuredmedia":[{"embeddable":true,"href":"https:\/\/irankiuzona.lt\/ru\/wp-json\/wp\/v2\/media\/428856"}],"wp:attachment":[{"href":"https:\/\/irankiuzona.lt\/ru\/wp-json\/wp\/v2\/media?parent=428854"}],"wp:term":[{"taxonomy":"product_cat","embeddable":true,"href":"https:\/\/irankiuzona.lt\/ru\/wp-json\/wp\/v2\/product_cat?post=428854"},{"taxonomy":"product_tag","embeddable":true,"href":"https:\/\/irankiuzona.lt\/ru\/wp-json\/wp\/v2\/product_tag?post=428854"}],"curies":[{"name":"wp","href":"https:\/\/api.w.org\/{rel}","templated":true}]}}