{"id":428875,"date":"2025-12-25T03:18:50","date_gmt":"2025-12-25T03:18:50","guid":{"rendered":"https:\/\/irankiuzona.lt\/product\/kniediklis-o-24-48-mm-kniedems\/"},"modified":"2026-04-22T10:41:23","modified_gmt":"2026-04-22T10:41:23","slug":"kniediklis-o-24-48-mm-kniedems","status":"publish","type":"product","link":"https:\/\/irankiuzona.lt\/ru\/product\/kniediklis-o-24-48-mm-kniedems\/","title":{"rendered":"Kniediklis \u00f8 2,4\u20134,8 mm knied\u0117ms"},"content":{"rendered":"<p>Aliuminio ir plieno knied\u0117ms: \u00f8 2,4, 3,2, 4,0, 4,8 mm<br \/>\nErgonomi\u0161kos rankenos, skirtos dideliam j\u0117gos perdavimui4 kei\u010diami antgaliai<\/p>","protected":false},"excerpt":{"rendered":"<p>Kniediklis \u00f8 2,4\u20134,8 mm knied\u0117ms<\/p>","protected":false},"featured_media":428877,"comment_status":"open","ping_status":"open","template":"","meta":[],"product_cat":[10134],"product_tag":[9462],"class_list":{"0":"post-428875","1":"product","2":"type-product","3":"status-publish","4":"has-post-thumbnail","6":"product_brand-condor-werkzeug-vokietija","7":"product_cat-kniedikliai-srieginiai-kniedikliai-kniedes","8":"product_tag-condor-werkzeug-vokietija","10":"first","11":"instock","12":"purchasable","13":"product-type-simple"},"jetpack_sharing_enabled":true,"_links":{"self":[{"href":"https:\/\/irankiuzona.lt\/ru\/wp-json\/wp\/v2\/product\/428875","targetHints":{"allow":["GET"]}}],"collection":[{"href":"https:\/\/irankiuzona.lt\/ru\/wp-json\/wp\/v2\/product"}],"about":[{"href":"https:\/\/irankiuzona.lt\/ru\/wp-json\/wp\/v2\/types\/product"}],"replies":[{"embeddable":true,"href":"https:\/\/irankiuzona.lt\/ru\/wp-json\/wp\/v2\/comments?post=428875"}],"version-history":[{"count":1,"href":"https:\/\/irankiuzona.lt\/ru\/wp-json\/wp\/v2\/product\/428875\/revisions"}],"predecessor-version":[{"id":428876,"href":"https:\/\/irankiuzona.lt\/ru\/wp-json\/wp\/v2\/product\/428875\/revisions\/428876"}],"wp:featuredmedia":[{"embeddable":true,"href":"https:\/\/irankiuzona.lt\/ru\/wp-json\/wp\/v2\/media\/428877"}],"wp:attachment":[{"href":"https:\/\/irankiuzona.lt\/ru\/wp-json\/wp\/v2\/media?parent=428875"}],"wp:term":[{"taxonomy":"product_cat","embeddable":true,"href":"https:\/\/irankiuzona.lt\/ru\/wp-json\/wp\/v2\/product_cat?post=428875"},{"taxonomy":"product_tag","embeddable":true,"href":"https:\/\/irankiuzona.lt\/ru\/wp-json\/wp\/v2\/product_tag?post=428875"}],"curies":[{"name":"wp","href":"https:\/\/api.w.org\/{rel}","templated":true}]}}