{"id":428884,"date":"2025-12-25T03:19:22","date_gmt":"2025-12-25T03:19:22","guid":{"rendered":"https:\/\/irankiuzona.lt\/product\/karsto-oro-litavimo-stotele-750-w\/"},"modified":"2026-04-15T18:06:01","modified_gmt":"2026-04-15T18:06:01","slug":"karsto-oro-litavimo-stotele-750-w","status":"publish","type":"product","link":"https:\/\/irankiuzona.lt\/ru\/product\/karsto-oro-litavimo-stotele-750-w\/","title":{"rendered":"Kar\u0161to oro litavimo stotel\u0117, 750 W"},"content":{"rendered":"<p>2in1 funkcija \u2013 kolbos tipo lituoklis (75 W) + kar\u0161to oro pistoletas (750 W) \u2013 du nepriklausomi \u012frankiai viename \u012frenginyje leid\u017eia visapusi\u0161kai valdyti litavimo ir i\u0161litavimo procesus. \u25a0 Dvigubi LED ekranai \u2013 leid\u017eia lengvai vienu metu valdyti kolbos ir kar\u0161to oro pistoleto temperat\u016br\u0105 \u00b11 \u00b0C tikslumu. \u25a0 Platus temperat\u016bros diapazonas \u25a0 Lituoklis: 200\u2013480 \u00b0C \u25a0 Kar\u0161to oro pistoletas: 100\u2013480 \u00b0C \u25a0 Reguliuojamas oro srautas iki 120 l\/min \u2013 ranken\u0117l\u0117 leid\u017eia reguliuoti p\u016btimo j\u0117g\u0105 pagal ruo\u0161inio dyd\u012f ir darbo pob\u016bd\u012f. \u25a0 Miego re\u017eimas \u2013 automati\u0161kai suma\u017eina temperat\u016br\u0105 po neveiklumo laikotarpio, apsaugodamas antgal\u012f ir suma\u017eindamas energijos suvartojim\u0105. \u25a0 Savidiagnostikos sistema ir saugos funkcijos (ESD apsauga) \u2013 apsaugo \u012frengin\u012f ir lituotus komponentus nuo elektrostatin\u0117s \u017ealos, informuodamos apie galimas klaidas. \u25a0 Greitas \u012fkaitimas ir temperat\u016bros stabilumas \u2013 750 W galia leid\u017eia akimirksniu pasiekti nustatyt\u0105 temperat\u016br\u0105 ir j\u0105 i\u0161laikyti veikimo metu. \u25a0 Pridedami 4 antgaliai \u2013 rinkinyje yra kei\u010diami 4,4 mm, 8 mm, 10 mm ir 12 mm skersmens antgaliai.<\/p>","protected":false},"excerpt":{"rendered":"<p>2 viename kar\u0161to oro litavimo stotel\u0117, 750 W<\/p>","protected":false},"featured_media":428886,"comment_status":"open","ping_status":"closed","template":"","meta":[],"product_cat":[9709],"product_tag":[9969],"class_list":{"0":"post-428884","1":"product","2":"type-product","3":"status-publish","4":"has-post-thumbnail","6":"product_brand-hogert-technik-vokietija","7":"product_cat-techniniai-fenai","8":"product_tag-hogert-technik-vokietija","10":"first","11":"instock","12":"purchasable","13":"product-type-simple"},"jetpack_sharing_enabled":true,"_links":{"self":[{"href":"https:\/\/irankiuzona.lt\/ru\/wp-json\/wp\/v2\/product\/428884","targetHints":{"allow":["GET"]}}],"collection":[{"href":"https:\/\/irankiuzona.lt\/ru\/wp-json\/wp\/v2\/product"}],"about":[{"href":"https:\/\/irankiuzona.lt\/ru\/wp-json\/wp\/v2\/types\/product"}],"replies":[{"embeddable":true,"href":"https:\/\/irankiuzona.lt\/ru\/wp-json\/wp\/v2\/comments?post=428884"}],"version-history":[{"count":1,"href":"https:\/\/irankiuzona.lt\/ru\/wp-json\/wp\/v2\/product\/428884\/revisions"}],"predecessor-version":[{"id":428885,"href":"https:\/\/irankiuzona.lt\/ru\/wp-json\/wp\/v2\/product\/428884\/revisions\/428885"}],"wp:featuredmedia":[{"embeddable":true,"href":"https:\/\/irankiuzona.lt\/ru\/wp-json\/wp\/v2\/media\/428886"}],"wp:attachment":[{"href":"https:\/\/irankiuzona.lt\/ru\/wp-json\/wp\/v2\/media?parent=428884"}],"wp:term":[{"taxonomy":"product_cat","embeddable":true,"href":"https:\/\/irankiuzona.lt\/ru\/wp-json\/wp\/v2\/product_cat?post=428884"},{"taxonomy":"product_tag","embeddable":true,"href":"https:\/\/irankiuzona.lt\/ru\/wp-json\/wp\/v2\/product_tag?post=428884"}],"curies":[{"name":"wp","href":"https:\/\/api.w.org\/{rel}","templated":true}]}}