{"id":428902,"date":"2025-12-25T03:19:46","date_gmt":"2025-12-25T03:19:46","guid":{"rendered":"https:\/\/irankiuzona.lt\/product\/perforuotos-sieneles-spintelei-c7088a\/"},"modified":"2026-04-06T18:37:40","modified_gmt":"2026-04-06T18:37:40","slug":"perforuotos-sieneles-spintelei-c7088a","status":"publish","type":"product","link":"https:\/\/irankiuzona.lt\/ru\/product\/perforuotos-sieneles-spintelei-c7088a\/","title":{"rendered":"Perforuotos sienel\u0117s spintelei c7088A"},"content":{"rendered":"<p>\u0160onin\u0117s panel\u0117s su kvadratin\u0117mis perforuotomis skyl\u0117mis 10 x 10 mm, skyli\u0173 tarpas: 38 mm Papildomos panel\u0117s dirbtuvi\u0173 ve\u017eim\u0117liui Nr. 7088A, skirtos ilgosios pus\u0117s u\u017edarymui<\/p>","protected":false},"excerpt":{"rendered":"<p>Perforuotos plok\u0161t\u0117s, 2 vnt.<\/p>","protected":false},"featured_media":428904,"comment_status":"open","ping_status":"closed","template":"","meta":[],"product_cat":[10048],"product_tag":[9462],"class_list":{"0":"post-428902","1":"product","2":"type-product","3":"status-publish","4":"has-post-thumbnail","6":"product_brand-condor-werkzeug-vokietija","7":"product_cat-vezimeliai-su-ratukais-su-lentynomis","8":"product_tag-condor-werkzeug-vokietija","10":"first","11":"instock","12":"purchasable","13":"product-type-simple"},"jetpack_sharing_enabled":true,"_links":{"self":[{"href":"https:\/\/irankiuzona.lt\/ru\/wp-json\/wp\/v2\/product\/428902","targetHints":{"allow":["GET"]}}],"collection":[{"href":"https:\/\/irankiuzona.lt\/ru\/wp-json\/wp\/v2\/product"}],"about":[{"href":"https:\/\/irankiuzona.lt\/ru\/wp-json\/wp\/v2\/types\/product"}],"replies":[{"embeddable":true,"href":"https:\/\/irankiuzona.lt\/ru\/wp-json\/wp\/v2\/comments?post=428902"}],"version-history":[{"count":0,"href":"https:\/\/irankiuzona.lt\/ru\/wp-json\/wp\/v2\/product\/428902\/revisions"}],"wp:featuredmedia":[{"embeddable":true,"href":"https:\/\/irankiuzona.lt\/ru\/wp-json\/wp\/v2\/media\/428904"}],"wp:attachment":[{"href":"https:\/\/irankiuzona.lt\/ru\/wp-json\/wp\/v2\/media?parent=428902"}],"wp:term":[{"taxonomy":"product_cat","embeddable":true,"href":"https:\/\/irankiuzona.lt\/ru\/wp-json\/wp\/v2\/product_cat?post=428902"},{"taxonomy":"product_tag","embeddable":true,"href":"https:\/\/irankiuzona.lt\/ru\/wp-json\/wp\/v2\/product_tag?post=428902"}],"curies":[{"name":"wp","href":"https:\/\/api.w.org\/{rel}","templated":true}]}}