{"id":428911,"date":"2025-12-25T03:19:58","date_gmt":"2025-12-25T03:19:58","guid":{"rendered":"https:\/\/irankiuzona.lt\/product\/dildes-metalui-250mm-5vnt-bendras-l365mm\/"},"modified":"2026-04-11T10:14:37","modified_gmt":"2026-04-11T10:14:37","slug":"dildes-metalui-250mm-5vnt-bendras-l365mm","status":"publish","type":"product","link":"https:\/\/irankiuzona.lt\/ru\/product\/dildes-metalui-250mm-5vnt-bendras-l365mm\/","title":{"rendered":"Dild\u0117s metalui 250mm 5vnt.bendras L365mm"},"content":{"rendered":"<p>Universalus ir tikslus \u2013 5 populiar\u016bs metalo apdirbimo dyd\u017eiai 2 pj\u016bvis \u2013 idealiai tinka universaliam naudojimui Didelis \u0161alinimo na\u0161umas \u2013 itin ilgaam\u017eis d\u0117l specialiai gr\u016bdinto plieno Neslystanti rankena su pakabinimo skyle Bendras ilgis: 365 mm<\/p>","protected":false},"excerpt":{"rendered":"<p>Dirbtuvi\u0173 dild\u017ei\u0173 rinkinys, 250 mm, 5 vnt.<\/p>","protected":false},"featured_media":428913,"comment_status":"open","ping_status":"open","template":"","meta":[],"product_cat":[9572],"product_tag":[9462],"class_list":{"0":"post-428911","1":"product","2":"type-product","3":"status-publish","4":"has-post-thumbnail","6":"product_brand-condor-werkzeug-vokietija","7":"product_cat-metalo-dildes","8":"product_tag-condor-werkzeug-vokietija","10":"first","11":"outofstock","12":"purchasable","13":"product-type-simple"},"jetpack_sharing_enabled":true,"_links":{"self":[{"href":"https:\/\/irankiuzona.lt\/ru\/wp-json\/wp\/v2\/product\/428911","targetHints":{"allow":["GET"]}}],"collection":[{"href":"https:\/\/irankiuzona.lt\/ru\/wp-json\/wp\/v2\/product"}],"about":[{"href":"https:\/\/irankiuzona.lt\/ru\/wp-json\/wp\/v2\/types\/product"}],"replies":[{"embeddable":true,"href":"https:\/\/irankiuzona.lt\/ru\/wp-json\/wp\/v2\/comments?post=428911"}],"version-history":[{"count":1,"href":"https:\/\/irankiuzona.lt\/ru\/wp-json\/wp\/v2\/product\/428911\/revisions"}],"predecessor-version":[{"id":428912,"href":"https:\/\/irankiuzona.lt\/ru\/wp-json\/wp\/v2\/product\/428911\/revisions\/428912"}],"wp:featuredmedia":[{"embeddable":true,"href":"https:\/\/irankiuzona.lt\/ru\/wp-json\/wp\/v2\/media\/428913"}],"wp:attachment":[{"href":"https:\/\/irankiuzona.lt\/ru\/wp-json\/wp\/v2\/media?parent=428911"}],"wp:term":[{"taxonomy":"product_cat","embeddable":true,"href":"https:\/\/irankiuzona.lt\/ru\/wp-json\/wp\/v2\/product_cat?post=428911"},{"taxonomy":"product_tag","embeddable":true,"href":"https:\/\/irankiuzona.lt\/ru\/wp-json\/wp\/v2\/product_tag?post=428911"}],"curies":[{"name":"wp","href":"https:\/\/api.w.org\/{rel}","templated":true}]}}