{"id":428917,"date":"2025-12-25T03:20:46","date_gmt":"2025-12-25T03:20:46","guid":{"rendered":"https:\/\/irankiuzona.lt\/product\/dildes-metalui-200mm-5vnt-bendras-l315mm\/"},"modified":"2026-04-16T05:27:55","modified_gmt":"2026-04-16T05:27:55","slug":"dildes-metalui-200mm-5vnt-bendras-l315mm","status":"publish","type":"product","link":"https:\/\/irankiuzona.lt\/ru\/product\/dildes-metalui-200mm-5vnt-bendras-l315mm\/","title":{"rendered":"Dild\u0117s metalui 200mm 5vnt.bendras L315mm"},"content":{"rendered":"<p>Universalus ir tikslus \u2013 5 populiar\u016bs metalo apdirbimo dyd\u017eiai 2 pj\u016bvis \u2013 idealiai tinka universaliam naudojimui Didelis \u0161alinimo na\u0161umas \u2013 itin ilgaam\u017eis d\u0117l specialiai gr\u016bdinto plieno Neslystanti rankena su pakabinimo skyle Bendras ilgis: 315 mm<\/p>","protected":false},"excerpt":{"rendered":"<p>Dirbtuvi\u0173 dild\u017ei\u0173 rinkinys, 200 mm, 5 vnt.<\/p>","protected":false},"featured_media":428919,"comment_status":"open","ping_status":"open","template":"","meta":[],"product_cat":[9572],"product_tag":[9462],"class_list":{"0":"post-428917","1":"product","2":"type-product","3":"status-publish","4":"has-post-thumbnail","6":"product_brand-condor-werkzeug-vokietija","7":"product_cat-metalo-dildes","8":"product_tag-condor-werkzeug-vokietija","10":"first","11":"instock","12":"purchasable","13":"product-type-simple"},"jetpack_sharing_enabled":true,"_links":{"self":[{"href":"https:\/\/irankiuzona.lt\/ru\/wp-json\/wp\/v2\/product\/428917","targetHints":{"allow":["GET"]}}],"collection":[{"href":"https:\/\/irankiuzona.lt\/ru\/wp-json\/wp\/v2\/product"}],"about":[{"href":"https:\/\/irankiuzona.lt\/ru\/wp-json\/wp\/v2\/types\/product"}],"replies":[{"embeddable":true,"href":"https:\/\/irankiuzona.lt\/ru\/wp-json\/wp\/v2\/comments?post=428917"}],"version-history":[{"count":1,"href":"https:\/\/irankiuzona.lt\/ru\/wp-json\/wp\/v2\/product\/428917\/revisions"}],"predecessor-version":[{"id":428918,"href":"https:\/\/irankiuzona.lt\/ru\/wp-json\/wp\/v2\/product\/428917\/revisions\/428918"}],"wp:featuredmedia":[{"embeddable":true,"href":"https:\/\/irankiuzona.lt\/ru\/wp-json\/wp\/v2\/media\/428919"}],"wp:attachment":[{"href":"https:\/\/irankiuzona.lt\/ru\/wp-json\/wp\/v2\/media?parent=428917"}],"wp:term":[{"taxonomy":"product_cat","embeddable":true,"href":"https:\/\/irankiuzona.lt\/ru\/wp-json\/wp\/v2\/product_cat?post=428917"},{"taxonomy":"product_tag","embeddable":true,"href":"https:\/\/irankiuzona.lt\/ru\/wp-json\/wp\/v2\/product_tag?post=428917"}],"curies":[{"name":"wp","href":"https:\/\/api.w.org\/{rel}","templated":true}]}}