{"id":428923,"date":"2025-12-25T03:21:08","date_gmt":"2025-12-25T03:21:08","guid":{"rendered":"https:\/\/irankiuzona.lt\/product\/dantytos-galvutes-sunkvezimiams-km4-12-9vnt\/"},"modified":"2026-04-15T10:02:59","modified_gmt":"2026-04-15T10:02:59","slug":"dantytos-galvutes-sunkvezimiams-km4-12-9vnt","status":"publish","type":"product","link":"https:\/\/irankiuzona.lt\/ru\/product\/dantytos-galvutes-sunkvezimiams-km4-12-9vnt\/","title":{"rendered":"Dantytos galvut\u0117s sunkve\u017eimiams KM4-12 9vnt."},"content":{"rendered":"<p>Skirta atlaisvinti ir priver\u017eti velen\u0173, prispaudimo ir i\u0161traukimo \u012fvori\u0173 ver\u017eles su i\u0161pjovomis,pvz., montuojant \/ i\u0161montuojant ried\u0117jimo guolius, krumpliara\u010dius, rutulinius guolius arba k\u016bginius ritininius guoliusstatybin\u0117s ir \u017eem\u0117s \u016bkio technikos, pramon\u0117s ir komercini\u0173 transporto priemoni\u0173 reikm\u0117msatitinka DIN 981plona konstrukcija, u\u017etikrinanti minimalius vietos poreikius<\/p>","protected":false},"excerpt":{"rendered":"<p>Ver\u017eli\u0173 rakt\u0173 rinkinys, vidinis kai\u0161tis, KM4-12<\/p>","protected":false},"featured_media":428925,"comment_status":"open","ping_status":"closed","template":"","meta":[],"product_cat":[9976],"product_tag":[],"class_list":{"0":"post-428923","1":"product","2":"type-product","3":"status-publish","4":"has-post-thumbnail","6":"product_cat-katalogas","8":"first","9":"instock","10":"purchasable","11":"product-type-simple"},"jetpack_sharing_enabled":true,"_links":{"self":[{"href":"https:\/\/irankiuzona.lt\/ru\/wp-json\/wp\/v2\/product\/428923","targetHints":{"allow":["GET"]}}],"collection":[{"href":"https:\/\/irankiuzona.lt\/ru\/wp-json\/wp\/v2\/product"}],"about":[{"href":"https:\/\/irankiuzona.lt\/ru\/wp-json\/wp\/v2\/types\/product"}],"replies":[{"embeddable":true,"href":"https:\/\/irankiuzona.lt\/ru\/wp-json\/wp\/v2\/comments?post=428923"}],"version-history":[{"count":1,"href":"https:\/\/irankiuzona.lt\/ru\/wp-json\/wp\/v2\/product\/428923\/revisions"}],"predecessor-version":[{"id":428924,"href":"https:\/\/irankiuzona.lt\/ru\/wp-json\/wp\/v2\/product\/428923\/revisions\/428924"}],"wp:featuredmedia":[{"embeddable":true,"href":"https:\/\/irankiuzona.lt\/ru\/wp-json\/wp\/v2\/media\/428925"}],"wp:attachment":[{"href":"https:\/\/irankiuzona.lt\/ru\/wp-json\/wp\/v2\/media?parent=428923"}],"wp:term":[{"taxonomy":"product_cat","embeddable":true,"href":"https:\/\/irankiuzona.lt\/ru\/wp-json\/wp\/v2\/product_cat?post=428923"},{"taxonomy":"product_tag","embeddable":true,"href":"https:\/\/irankiuzona.lt\/ru\/wp-json\/wp\/v2\/product_tag?post=428923"}],"curies":[{"name":"wp","href":"https:\/\/api.w.org\/{rel}","templated":true}]}}