{"id":428926,"date":"2025-12-25T03:21:13","date_gmt":"2025-12-25T03:21:13","guid":{"rendered":"https:\/\/irankiuzona.lt\/product\/mini-surinkimo-montiruote-plienine\/"},"modified":"2026-04-13T01:19:36","modified_gmt":"2026-04-13T01:19:36","slug":"mini-surinkimo-montiruote-plienine","status":"publish","type":"product","link":"https:\/\/irankiuzona.lt\/ru\/product\/mini-surinkimo-montiruote-plienine\/","title":{"rendered":"Mini surinkimo montiruot\u0117, plienin\u0117"},"content":{"rendered":"<p>Tvirtas svirtinis \u012frankis su dvipusiu gr\u016bdinto plieno a\u0161menimisPlona, \u200b\u200bsmail\u0117janti forma leid\u017eia tiksliai dirbti sunkiai pasiekiamose vietoseIdealiai tinka atlaisvinti tokius komponentus kaip vandens siurbliai, cilindr\u0173 galvut\u0117s, alk\u016bninio ir paskirstymo veleno \u017evaigriara\u010diai<\/p>","protected":false},"excerpt":{"rendered":"<p>Svertas MINI<\/p>","protected":false},"featured_media":428928,"comment_status":"open","ping_status":"open","template":"","meta":[],"product_cat":[9465],"product_tag":[9462],"class_list":{"0":"post-428926","1":"product","2":"type-product","3":"status-publish","4":"has-post-thumbnail","6":"product_brand-condor-werkzeug-vokietija","7":"product_cat-lauztuvai-svertai","8":"product_tag-condor-werkzeug-vokietija","10":"first","11":"instock","12":"purchasable","13":"product-type-simple"},"jetpack_sharing_enabled":true,"_links":{"self":[{"href":"https:\/\/irankiuzona.lt\/ru\/wp-json\/wp\/v2\/product\/428926","targetHints":{"allow":["GET"]}}],"collection":[{"href":"https:\/\/irankiuzona.lt\/ru\/wp-json\/wp\/v2\/product"}],"about":[{"href":"https:\/\/irankiuzona.lt\/ru\/wp-json\/wp\/v2\/types\/product"}],"replies":[{"embeddable":true,"href":"https:\/\/irankiuzona.lt\/ru\/wp-json\/wp\/v2\/comments?post=428926"}],"version-history":[{"count":1,"href":"https:\/\/irankiuzona.lt\/ru\/wp-json\/wp\/v2\/product\/428926\/revisions"}],"predecessor-version":[{"id":428927,"href":"https:\/\/irankiuzona.lt\/ru\/wp-json\/wp\/v2\/product\/428926\/revisions\/428927"}],"wp:featuredmedia":[{"embeddable":true,"href":"https:\/\/irankiuzona.lt\/ru\/wp-json\/wp\/v2\/media\/428928"}],"wp:attachment":[{"href":"https:\/\/irankiuzona.lt\/ru\/wp-json\/wp\/v2\/media?parent=428926"}],"wp:term":[{"taxonomy":"product_cat","embeddable":true,"href":"https:\/\/irankiuzona.lt\/ru\/wp-json\/wp\/v2\/product_cat?post=428926"},{"taxonomy":"product_tag","embeddable":true,"href":"https:\/\/irankiuzona.lt\/ru\/wp-json\/wp\/v2\/product_tag?post=428926"}],"curies":[{"name":"wp","href":"https:\/\/api.w.org\/{rel}","templated":true}]}}