{"id":428979,"date":"2025-12-30T12:47:42","date_gmt":"2025-12-30T12:47:42","guid":{"rendered":"https:\/\/irankiuzona.lt\/product\/smuginis-1-4-hex-6mm-antgalis-100mm-2vnt\/"},"modified":"2026-04-13T04:58:30","modified_gmt":"2026-04-13T04:58:30","slug":"smuginis-1-4-hex-6mm-antgalis-100mm-2vnt","status":"publish","type":"product","link":"https:\/\/irankiuzona.lt\/ru\/product\/smuginis-1-4-hex-6mm-antgalis-100mm-2vnt\/","title":{"rendered":"Sm\u016bginis 1\/4 HEX-6mm antgalis 100mm (2vnt.)"},"content":{"rendered":"","protected":false},"excerpt":{"rendered":"<p>\u0160e\u0161iakampiai sm\u016bginiai antgaliai 6 100 mm<\/p>","protected":false},"featured_media":428981,"comment_status":"open","ping_status":"open","template":"","meta":[],"product_cat":[9629],"product_tag":[9969],"class_list":{"0":"post-428979","1":"product","2":"type-product","3":"status-publish","4":"has-post-thumbnail","6":"product_brand-hogert-technik-vokietija","7":"product_cat-antgaliukai-bitukai-1-4-63mm","8":"product_tag-hogert-technik-vokietija","10":"first","11":"instock","12":"purchasable","13":"product-type-simple"},"jetpack_sharing_enabled":true,"_links":{"self":[{"href":"https:\/\/irankiuzona.lt\/ru\/wp-json\/wp\/v2\/product\/428979","targetHints":{"allow":["GET"]}}],"collection":[{"href":"https:\/\/irankiuzona.lt\/ru\/wp-json\/wp\/v2\/product"}],"about":[{"href":"https:\/\/irankiuzona.lt\/ru\/wp-json\/wp\/v2\/types\/product"}],"replies":[{"embeddable":true,"href":"https:\/\/irankiuzona.lt\/ru\/wp-json\/wp\/v2\/comments?post=428979"}],"version-history":[{"count":1,"href":"https:\/\/irankiuzona.lt\/ru\/wp-json\/wp\/v2\/product\/428979\/revisions"}],"predecessor-version":[{"id":428980,"href":"https:\/\/irankiuzona.lt\/ru\/wp-json\/wp\/v2\/product\/428979\/revisions\/428980"}],"wp:featuredmedia":[{"embeddable":true,"href":"https:\/\/irankiuzona.lt\/ru\/wp-json\/wp\/v2\/media\/428981"}],"wp:attachment":[{"href":"https:\/\/irankiuzona.lt\/ru\/wp-json\/wp\/v2\/media?parent=428979"}],"wp:term":[{"taxonomy":"product_cat","embeddable":true,"href":"https:\/\/irankiuzona.lt\/ru\/wp-json\/wp\/v2\/product_cat?post=428979"},{"taxonomy":"product_tag","embeddable":true,"href":"https:\/\/irankiuzona.lt\/ru\/wp-json\/wp\/v2\/product_tag?post=428979"}],"curies":[{"name":"wp","href":"https:\/\/api.w.org\/{rel}","templated":true}]}}