{"id":428982,"date":"2025-12-30T12:47:45","date_gmt":"2025-12-30T12:47:45","guid":{"rendered":"https:\/\/irankiuzona.lt\/product\/lauztuvas-800x19\/"},"modified":"2026-04-13T03:10:34","modified_gmt":"2026-04-13T03:10:34","slug":"lauztuvas-800x19","status":"publish","type":"product","link":"https:\/\/irankiuzona.lt\/ru\/product\/lauztuvas-800x19\/","title":{"rendered":"Lau\u017etuvas 800&#215;19"},"content":{"rendered":"<p>\u2022 Skerspj\u016bvio skersmuo \u2013 19 mm;<br \/>\n\u2022 sekcijos forma \u2013 \u0161e\u0161iakamp\u0117;<br \/>\n\u2022 ilgis \u2013 800 mm;<br \/>\n\u2022 med\u017eiaga \u2013 anglinis plienas;<br \/>\n\u2022 HRC: 42\u201348.<\/p>","protected":false},"excerpt":{"rendered":"<p>Lau\u017etuvas 800&#215;19<\/p>","protected":false},"featured_media":428984,"comment_status":"open","ping_status":"open","template":"","meta":[],"product_cat":[9465],"product_tag":[9969],"class_list":{"0":"post-428982","1":"product","2":"type-product","3":"status-publish","4":"has-post-thumbnail","6":"product_brand-hogert-technik-vokietija","7":"product_cat-lauztuvai-svertai","8":"product_tag-hogert-technik-vokietija","10":"first","11":"instock","12":"purchasable","13":"product-type-simple"},"jetpack_sharing_enabled":true,"_links":{"self":[{"href":"https:\/\/irankiuzona.lt\/ru\/wp-json\/wp\/v2\/product\/428982","targetHints":{"allow":["GET"]}}],"collection":[{"href":"https:\/\/irankiuzona.lt\/ru\/wp-json\/wp\/v2\/product"}],"about":[{"href":"https:\/\/irankiuzona.lt\/ru\/wp-json\/wp\/v2\/types\/product"}],"replies":[{"embeddable":true,"href":"https:\/\/irankiuzona.lt\/ru\/wp-json\/wp\/v2\/comments?post=428982"}],"version-history":[{"count":1,"href":"https:\/\/irankiuzona.lt\/ru\/wp-json\/wp\/v2\/product\/428982\/revisions"}],"predecessor-version":[{"id":428983,"href":"https:\/\/irankiuzona.lt\/ru\/wp-json\/wp\/v2\/product\/428982\/revisions\/428983"}],"wp:featuredmedia":[{"embeddable":true,"href":"https:\/\/irankiuzona.lt\/ru\/wp-json\/wp\/v2\/media\/428984"}],"wp:attachment":[{"href":"https:\/\/irankiuzona.lt\/ru\/wp-json\/wp\/v2\/media?parent=428982"}],"wp:term":[{"taxonomy":"product_cat","embeddable":true,"href":"https:\/\/irankiuzona.lt\/ru\/wp-json\/wp\/v2\/product_cat?post=428982"},{"taxonomy":"product_tag","embeddable":true,"href":"https:\/\/irankiuzona.lt\/ru\/wp-json\/wp\/v2\/product_tag?post=428982"}],"curies":[{"name":"wp","href":"https:\/\/api.w.org\/{rel}","templated":true}]}}