{"id":428985,"date":"2025-12-30T12:47:48","date_gmt":"2025-12-30T12:47:48","guid":{"rendered":"https:\/\/irankiuzona.lt\/product\/apsauginiai-akiniai-3d-zirlau\/"},"modified":"2026-04-13T07:41:09","modified_gmt":"2026-04-13T07:41:09","slug":"apsauginiai-akiniai-3d-zirlau","status":"publish","type":"product","link":"https:\/\/irankiuzona.lt\/ru\/product\/apsauginiai-akiniai-3d-zirlau\/","title":{"rendered":"Apsauginiai akiniai (3D ZIRLAU)"},"content":{"rendered":"<p>Charakteristikos l\u0119\u0161iai: polikarbonatiniai, atspar\u016bs \u012fbr\u0117\u017eimams, veidrodiniai; r\u0117melis: polikarbonatinis su neslystan\u010diais TPE elementais; nosies pagalv\u0117l\u0117: mink\u0161ta, prisitaikanti, pagaminta i\u0161 TPE; UV filtras: UL tipo \u2013 apsaugo nuo UV spinduli\u0173 ir leid\u017eia aptikti \u0161viesos signal\u0105 nepaveikiant spalv\u0173 suvokimo; l\u0119\u0161i\u0173 \u017eym\u0117jimas: H UL 1.7 CT HMT 1 K CE, kur: H \u2013 gamintojas: HOEGERT, UL \u2013 UV filtras + \u0161viesos signalo aptikimas, 1.7 \u2013 atspalvio lygis: \u0161velniai tonuotas su veidrodine danga, C \u2013 atsparumas ma\u017eam sm\u016bgio energijos kiekiui (45 m\/s), T \u2013 i\u0161bandytas temperat\u016broje nuo -5\u00b0C iki +55\u00b0C, HM \u2013 atsparumas dideliam sm\u016bgio kiekiui (500 g nuo 1,27 m), 1 \u2013 optin\u0117 klas\u0117: tinka ilgalaikiam naudojimui, K \u2013 padidintas atsparumas \u012fbr\u0117\u017eimams, CE \u2013 atitikimas ES sertifikavimui; atitikimas standartams: EN ISO 16321-1 (pakei\u010dia EN 166, nurodo dizain\u0105, mechanin\u012f atsparum\u0105 ir optinius reikalavimus); reguliavimas: trij\u0173 pakop\u0173 kojeli\u0173 ilgis, dviej\u0173 pakop\u0173 r\u0117mo pakreipimo kampas; apsaugin\u0117s savyb\u0117s: veidrodin\u0117 danga, atspindinti saul\u0117s \u0161vies\u0105.<\/p>","protected":false},"excerpt":{"rendered":"<p>ZIRLAU 3D apsauginiai akiniai, veidrodinis, tonuotas, uniform<\/p>","protected":false},"featured_media":428987,"comment_status":"open","ping_status":"open","template":"","meta":[],"product_cat":[9848],"product_tag":[9969],"class_list":{"0":"post-428985","1":"product","2":"type-product","3":"status-publish","4":"has-post-thumbnail","6":"product_brand-hogert-technik-vokietija","7":"product_cat-apsauginiai-akiniai","8":"product_tag-hogert-technik-vokietija","10":"first","11":"instock","12":"purchasable","13":"product-type-simple"},"jetpack_sharing_enabled":true,"_links":{"self":[{"href":"https:\/\/irankiuzona.lt\/ru\/wp-json\/wp\/v2\/product\/428985","targetHints":{"allow":["GET"]}}],"collection":[{"href":"https:\/\/irankiuzona.lt\/ru\/wp-json\/wp\/v2\/product"}],"about":[{"href":"https:\/\/irankiuzona.lt\/ru\/wp-json\/wp\/v2\/types\/product"}],"replies":[{"embeddable":true,"href":"https:\/\/irankiuzona.lt\/ru\/wp-json\/wp\/v2\/comments?post=428985"}],"version-history":[{"count":1,"href":"https:\/\/irankiuzona.lt\/ru\/wp-json\/wp\/v2\/product\/428985\/revisions"}],"predecessor-version":[{"id":428986,"href":"https:\/\/irankiuzona.lt\/ru\/wp-json\/wp\/v2\/product\/428985\/revisions\/428986"}],"wp:featuredmedia":[{"embeddable":true,"href":"https:\/\/irankiuzona.lt\/ru\/wp-json\/wp\/v2\/media\/428987"}],"wp:attachment":[{"href":"https:\/\/irankiuzona.lt\/ru\/wp-json\/wp\/v2\/media?parent=428985"}],"wp:term":[{"taxonomy":"product_cat","embeddable":true,"href":"https:\/\/irankiuzona.lt\/ru\/wp-json\/wp\/v2\/product_cat?post=428985"},{"taxonomy":"product_tag","embeddable":true,"href":"https:\/\/irankiuzona.lt\/ru\/wp-json\/wp\/v2\/product_tag?post=428985"}],"curies":[{"name":"wp","href":"https:\/\/api.w.org\/{rel}","templated":true}]}}