{"id":428997,"date":"2025-12-30T12:48:09","date_gmt":"2025-12-30T12:48:09","guid":{"rendered":"https:\/\/irankiuzona.lt\/product\/sveitimo-komplekas-10vnt\/"},"modified":"2026-04-11T04:28:14","modified_gmt":"2026-04-11T04:28:14","slug":"sveitimo-komplekas-10vnt","status":"publish","type":"product","link":"https:\/\/irankiuzona.lt\/ru\/product\/sveitimo-komplekas-10vnt\/","title":{"rendered":"\u0160veitimo komplekas 10vnt."},"content":{"rendered":"<p>Vieliniai \u0161epe\u010diai<br \/>\n \u2013 Koto tipas:<br \/>\n\u2013 Viela: Plienin\u0117 \u2013 Maks. aps.\/min.: 4500 \u2013 38,1 mm (1-1\/2 colio)<br \/>\n \u2013 50,8 mm (2 coliai)<br \/>\n\u2013 76,2 mm (3 coliai)<br \/>\n\u2013 25,4 mm (1 colis)<br \/>\n\u2013 50,8 mm (2 coliai) Plok\u0161teliniai \u0161lifavimo diskai: 1 vilnos plok\u0161\u010dias \u0161lifavimo diskas, 38,1 mm (1-1\/2 colio) \u2013 12000 aps.\/min. 1 vilnos plok\u0161\u010dias \u0161lifavimo diskas, 50,8 mm (2 coliai) \u2013 12000 aps.\/min. 1 plok\u0161\u010dias \u0161lifavimo diskas, 60 gr\u016bd\u0117tumo, 25,4 mm (1 colis) \u2013 18000 aps.\/min. 1 plok\u0161\u010dias \u0161lifavimo diskas, 60 gr\u016bd\u0117tumo, 38 \u2013 12 000 aps.\/min. 1 \u0161lifavimo k\u016bgis, 1 mm (1-1\/2 colio) \u2013 25,4 mm (1 colio)<\/p>","protected":false},"excerpt":{"rendered":"<p>Vielini\u0173 \u0161epe\u010di\u0173 ir plok\u0161\u010di\u0173 disk\u0173 rinkinys<\/p>","protected":false},"featured_media":428999,"comment_status":"open","ping_status":"open","template":"","meta":[],"product_cat":[9450],"product_tag":[10130],"class_list":{"0":"post-428997","1":"product","2":"type-product","3":"status-publish","4":"has-post-thumbnail","6":"product_brand-satra-lenkija","7":"product_cat-sepeciai-greztuvui-slif-pj-irankiui","8":"product_tag-satra-lenkija","10":"first","11":"instock","12":"purchasable","13":"product-type-simple"},"jetpack_sharing_enabled":true,"_links":{"self":[{"href":"https:\/\/irankiuzona.lt\/ru\/wp-json\/wp\/v2\/product\/428997","targetHints":{"allow":["GET"]}}],"collection":[{"href":"https:\/\/irankiuzona.lt\/ru\/wp-json\/wp\/v2\/product"}],"about":[{"href":"https:\/\/irankiuzona.lt\/ru\/wp-json\/wp\/v2\/types\/product"}],"replies":[{"embeddable":true,"href":"https:\/\/irankiuzona.lt\/ru\/wp-json\/wp\/v2\/comments?post=428997"}],"version-history":[{"count":1,"href":"https:\/\/irankiuzona.lt\/ru\/wp-json\/wp\/v2\/product\/428997\/revisions"}],"predecessor-version":[{"id":428998,"href":"https:\/\/irankiuzona.lt\/ru\/wp-json\/wp\/v2\/product\/428997\/revisions\/428998"}],"wp:featuredmedia":[{"embeddable":true,"href":"https:\/\/irankiuzona.lt\/ru\/wp-json\/wp\/v2\/media\/428999"}],"wp:attachment":[{"href":"https:\/\/irankiuzona.lt\/ru\/wp-json\/wp\/v2\/media?parent=428997"}],"wp:term":[{"taxonomy":"product_cat","embeddable":true,"href":"https:\/\/irankiuzona.lt\/ru\/wp-json\/wp\/v2\/product_cat?post=428997"},{"taxonomy":"product_tag","embeddable":true,"href":"https:\/\/irankiuzona.lt\/ru\/wp-json\/wp\/v2\/product_tag?post=428997"}],"curies":[{"name":"wp","href":"https:\/\/api.w.org\/{rel}","templated":true}]}}