{"id":429003,"date":"2025-12-30T12:48:25","date_gmt":"2025-12-30T12:48:25","guid":{"rendered":"https:\/\/irankiuzona.lt\/product\/atsuktuvai-elektrikui-1000v-izoliuoti-11vnt-2\/"},"modified":"2026-04-11T10:14:39","modified_gmt":"2026-04-11T10:14:39","slug":"atsuktuvai-elektrikui-1000v-izoliuoti-11vnt-2","status":"publish","type":"product","link":"https:\/\/irankiuzona.lt\/ru\/product\/atsuktuvai-elektrikui-1000v-izoliuoti-11vnt-2\/","title":{"rendered":"Atsuktuvai elektrikui  1000V izoliuoti 11vnt"},"content":{"rendered":"<p>Funkcinis 11 izoliuot\u0173 atsuktuv\u0173 rinkinys, skirtas profesionaliems elektros darbams.<br \/>\n Garsaus SATRA prek\u0117s \u017eenklo produktas, pagamintas i\u0161 auk\u0161\u010diausios kokyb\u0117s med\u017eiag\u0173.<br \/>\n Produkto savyb\u0117s: Didelis patvarumas \u2013 pagamintas i\u0161 Cr-V plieno, u\u017etikrinantis ilg\u0105 tarnavimo laik\u0105.<br \/>\nSaugus veikimas \u2013 padengtas izoliacine danga per vis\u0105 ilg\u012f, suma\u017einant rankos s\u0105ly\u010dio su metalu rizik\u0105.<br \/>\nPaprasta naudoti \u2013 ergonomi\u0161kos SOFTGRIP rankenos u\u017etikrina saug\u0173 sukibim\u0105 ir apsaugo nuo slydimo.<br \/>\n Tikslumas \u2013 specialiai apdoroti magnetiniai antgaliai palengvina darb\u0105 ir stabilizuoja var\u017etus.<br \/>\nRinkinio turinys:<br \/>\n Plok\u0161tieji atsuktuvai: 2,5 \u00d7 75 mm 3 \u00d7 100 mm 4 \u00d7 100 mm 5 \u00d7 125 mm 6 \u00d7 100 mm 8 \u00d7 175 mm Phillips atsuktuvai: PZ0 \u00d7 75 mm PH0 \u00d7 75 mm PH1 \u00d7 80 mm PH1 \u00d7 100 mm PH2 \u00d7 100 mm<\/p>","protected":false},"excerpt":{"rendered":"<p>Izoliuot\u0173 atsuktuv\u0173 rinkinys, 11 dali\u0173<\/p>","protected":false},"featured_media":429005,"comment_status":"open","ping_status":"open","template":"","meta":[],"product_cat":[9993],"product_tag":[10130],"class_list":{"0":"post-429003","1":"product","2":"type-product","3":"status-publish","4":"has-post-thumbnail","6":"product_brand-satra-lenkija","7":"product_cat-atsuktuvai-elektrikui","8":"product_tag-satra-lenkija","10":"first","11":"instock","12":"purchasable","13":"product-type-simple"},"jetpack_sharing_enabled":true,"_links":{"self":[{"href":"https:\/\/irankiuzona.lt\/ru\/wp-json\/wp\/v2\/product\/429003","targetHints":{"allow":["GET"]}}],"collection":[{"href":"https:\/\/irankiuzona.lt\/ru\/wp-json\/wp\/v2\/product"}],"about":[{"href":"https:\/\/irankiuzona.lt\/ru\/wp-json\/wp\/v2\/types\/product"}],"replies":[{"embeddable":true,"href":"https:\/\/irankiuzona.lt\/ru\/wp-json\/wp\/v2\/comments?post=429003"}],"version-history":[{"count":1,"href":"https:\/\/irankiuzona.lt\/ru\/wp-json\/wp\/v2\/product\/429003\/revisions"}],"predecessor-version":[{"id":429004,"href":"https:\/\/irankiuzona.lt\/ru\/wp-json\/wp\/v2\/product\/429003\/revisions\/429004"}],"wp:featuredmedia":[{"embeddable":true,"href":"https:\/\/irankiuzona.lt\/ru\/wp-json\/wp\/v2\/media\/429005"}],"wp:attachment":[{"href":"https:\/\/irankiuzona.lt\/ru\/wp-json\/wp\/v2\/media?parent=429003"}],"wp:term":[{"taxonomy":"product_cat","embeddable":true,"href":"https:\/\/irankiuzona.lt\/ru\/wp-json\/wp\/v2\/product_cat?post=429003"},{"taxonomy":"product_tag","embeddable":true,"href":"https:\/\/irankiuzona.lt\/ru\/wp-json\/wp\/v2\/product_tag?post=429003"}],"curies":[{"name":"wp","href":"https:\/\/api.w.org\/{rel}","templated":true}]}}