{"id":429034,"date":"2026-01-09T16:41:09","date_gmt":"2026-01-09T16:41:09","guid":{"rendered":"https:\/\/irankiuzona.lt\/product\/automobilinis-ikroviklis-defort\/"},"modified":"2026-04-16T02:17:31","modified_gmt":"2026-04-16T02:17:31","slug":"automobilinis-ikroviklis-defort","status":"publish","type":"product","link":"https:\/\/irankiuzona.lt\/ru\/product\/automobilinis-ikroviklis-defort\/","title":{"rendered":"Automobilinis \u012ekroviklis DEFORT"},"content":{"rendered":"<p>Akumuliatori\u0173 kroviklio Defort DBC-6A savyb\u0117s:Galb\u016bt tai yra ma\u017eiausias baterij\u0173 \u012fkroviklis tarp vis\u0173 esam\u0173.Defort DBC-6A \u012fkrauna baterijas 5-125 A \/ h, kuri apima nuo motociklo iki krovinini\u0173 sunkve\u017eimi\u0173.\u012ekrovimas vyksta automati\u0161kai su LED indikatoriumi.Nepaisant ma\u017eo dy\u017eio kroviklis turi apsaug\u0105 nuo netinkamo sujungimo ir perkrovimo.Ma\u017eas &#8211; bet galingas. Akumuliatori\u0173 \u012fkrauna per 24-36 valandas.Akumuliatoriaus kroviklio Defort DBC-6A techninai duomenys:Svoris &#8211; 300g\u012ekrovimo \u012ftampa 12V\u012ekrovimo srov\u0117 5-125A<\/p>","protected":false},"excerpt":{"rendered":"<p>Akumuliatoriaus kroviklis Defort DBC-6A<\/p>","protected":false},"featured_media":429036,"comment_status":"open","ping_status":"open","template":"","meta":[],"product_cat":[9881],"product_tag":[9435],"class_list":{"0":"post-429034","1":"product","2":"type-product","3":"status-publish","4":"has-post-thumbnail","6":"product_brand-kinija","7":"product_cat-ikrovikliai-akumuliatoriams-akumuliatoriu-testeriai","8":"product_tag-kinija","10":"first","11":"instock","12":"purchasable","13":"product-type-simple"},"jetpack_sharing_enabled":true,"_links":{"self":[{"href":"https:\/\/irankiuzona.lt\/ru\/wp-json\/wp\/v2\/product\/429034","targetHints":{"allow":["GET"]}}],"collection":[{"href":"https:\/\/irankiuzona.lt\/ru\/wp-json\/wp\/v2\/product"}],"about":[{"href":"https:\/\/irankiuzona.lt\/ru\/wp-json\/wp\/v2\/types\/product"}],"replies":[{"embeddable":true,"href":"https:\/\/irankiuzona.lt\/ru\/wp-json\/wp\/v2\/comments?post=429034"}],"version-history":[{"count":1,"href":"https:\/\/irankiuzona.lt\/ru\/wp-json\/wp\/v2\/product\/429034\/revisions"}],"predecessor-version":[{"id":429035,"href":"https:\/\/irankiuzona.lt\/ru\/wp-json\/wp\/v2\/product\/429034\/revisions\/429035"}],"wp:featuredmedia":[{"embeddable":true,"href":"https:\/\/irankiuzona.lt\/ru\/wp-json\/wp\/v2\/media\/429036"}],"wp:attachment":[{"href":"https:\/\/irankiuzona.lt\/ru\/wp-json\/wp\/v2\/media?parent=429034"}],"wp:term":[{"taxonomy":"product_cat","embeddable":true,"href":"https:\/\/irankiuzona.lt\/ru\/wp-json\/wp\/v2\/product_cat?post=429034"},{"taxonomy":"product_tag","embeddable":true,"href":"https:\/\/irankiuzona.lt\/ru\/wp-json\/wp\/v2\/product_tag?post=429034"}],"curies":[{"name":"wp","href":"https:\/\/api.w.org\/{rel}","templated":true}]}}