{"id":429037,"date":"2026-01-09T18:12:03","date_gmt":"2026-01-09T18:12:03","guid":{"rendered":"https:\/\/irankiuzona.lt\/product\/testeris-200-440v\/"},"modified":"2026-04-26T08:27:06","modified_gmt":"2026-04-26T08:27:06","slug":"testeris-200-440v","status":"publish","type":"product","link":"https:\/\/irankiuzona.lt\/ru\/product\/testeris-200-440v\/","title":{"rendered":"Testeris 200\/440V"},"content":{"rendered":"<p>\u012etampos indikatorius 200 V &#8211; 440 V Universalus testeris, nuolatin\u0117s ir kintamos \u012ftampos testeris 200\u2013250 V ir 360\u2013440 V diapazoneVienfazis, trifazis<\/p>","protected":false},"excerpt":{"rendered":"<p>Testeris 200-440V<\/p>","protected":false},"featured_media":429039,"comment_status":"open","ping_status":"open","template":"","meta":[],"product_cat":[9679],"product_tag":[10151],"class_list":{"0":"post-429037","1":"product","2":"type-product","3":"status-publish","4":"has-post-thumbnail","6":"product_brand-lenkija-tiekejas","7":"product_cat-elektriko-testeriai-ivairus-matuokliai","8":"product_tag-lenkija-tiekejas","10":"first","11":"instock","12":"purchasable","13":"product-type-simple"},"jetpack_sharing_enabled":true,"_links":{"self":[{"href":"https:\/\/irankiuzona.lt\/ru\/wp-json\/wp\/v2\/product\/429037","targetHints":{"allow":["GET"]}}],"collection":[{"href":"https:\/\/irankiuzona.lt\/ru\/wp-json\/wp\/v2\/product"}],"about":[{"href":"https:\/\/irankiuzona.lt\/ru\/wp-json\/wp\/v2\/types\/product"}],"replies":[{"embeddable":true,"href":"https:\/\/irankiuzona.lt\/ru\/wp-json\/wp\/v2\/comments?post=429037"}],"version-history":[{"count":1,"href":"https:\/\/irankiuzona.lt\/ru\/wp-json\/wp\/v2\/product\/429037\/revisions"}],"predecessor-version":[{"id":429038,"href":"https:\/\/irankiuzona.lt\/ru\/wp-json\/wp\/v2\/product\/429037\/revisions\/429038"}],"wp:featuredmedia":[{"embeddable":true,"href":"https:\/\/irankiuzona.lt\/ru\/wp-json\/wp\/v2\/media\/429039"}],"wp:attachment":[{"href":"https:\/\/irankiuzona.lt\/ru\/wp-json\/wp\/v2\/media?parent=429037"}],"wp:term":[{"taxonomy":"product_cat","embeddable":true,"href":"https:\/\/irankiuzona.lt\/ru\/wp-json\/wp\/v2\/product_cat?post=429037"},{"taxonomy":"product_tag","embeddable":true,"href":"https:\/\/irankiuzona.lt\/ru\/wp-json\/wp\/v2\/product_tag?post=429037"}],"curies":[{"name":"wp","href":"https:\/\/api.w.org\/{rel}","templated":true}]}}